{"id":9787,"date":"2018-03-26T16:16:16","date_gmt":"2018-03-26T16:16:16","guid":{"rendered":"https:\/\/musepoledance.de\/?page_id=9787"},"modified":"2020-06-19T16:07:36","modified_gmt":"2020-06-19T14:07:36","slug":"auftritte","status":"publish","type":"page","link":"https:\/\/musepoledance.de\/en\/auftritte\/","title":{"rendered":"Shows"},"content":{"rendered":"<div class=\"wpb-content-wrapper\"><div class=\"eltdf-row-grid-section-wrapper\"  ><div class=\"eltdf-row-grid-section\"><div class=\"vc_row wpb_row vc_row-fluid\" ><div class=\"wpb_column vc_column_container vc_col-sm-12\"><div class=\"vc_column-inner\"><div class=\"wpb_wrapper\"><div class=\"vc_empty_space\"   style=\"height: 32px\"><span class=\"vc_empty_space_inner\"><\/span><\/div>\n\t<div class=\"wpb_text_column wpb_content_element\" >\n\t\t<div class=\"wpb_wrapper\">\n\t\t\t<p class=\"translation-block\">A professional pole dance performance can become the highlight of any event. Muse Pole Dance offers a selection of experienced dancers and acrobats who have already thrilled audiences with their individual and expressive dance styles on numerous national and international stages. Whether for a corporate event, a club night, a commercial or film shoot - our professional performers can be booked in the Berlin area, as well as throughout Germany.<\/p>\n<p>We will be happy to prepare a show act tailored to your personal wishes and requirements. A portable pole can be brought by us and set up at the venue. If you have any questions about the technical requirements of the venue, we will be happy to advise you!<\/p>\n<p class=\"translation-block\"><b>To get an individual quote, please send us an email to <a href=\"mailto:team@musepoledance.de\" target=\"_self\">team@musepoledance.de<\/a><\/b><\/p>\n\n\t\t<\/div>\n\t<\/div>\n<div class=\"vc_empty_space\"   style=\"height: 40px\"><span class=\"vc_empty_space_inner\"><\/span><\/div><\/div><\/div><\/div><\/div><\/div><\/div><div class=\"vc_row wpb_row vc_row-fluid\" ><div class=\"wpb_column vc_column_container vc_col-sm-12\"><div class=\"vc_column-inner\"><div class=\"wpb_wrapper\"><div class=\"eltdf-image-gallery eltdf-ig-carousel-type eltdf-image-behavior-lightbox\">\n\t<div class=\"eltdf-ig-slider eltdf-owl-slider\" data-number-of-items=\"5\" data-enable-loop=\"no\" data-enable-autoplay=\"no\" data-slider-speed=\"5000\" data-slider-speed-animation=\"600\" data-slider-padding=\"no\" data-enable-navigation=\"yes\" data-enable-pagination=\"no\">\n\t\t\t\t\t<div class=\"eltdf-ig-image\">\n\t\t\t\t\t\t\t\t\t<a itemprop=\"image\" class=\"eltdf-ig-lightbox\" href=\"https:\/\/musepoledance.de\/wp-content\/uploads\/2018\/03\/DSC05783-e1522784295705.jpg\" data-rel=\"prettyPhoto[image_gallery_pretty_photo-327]\" title=\"DSC05783\">\n\t\t\t\t\t\t\t\t\t<img loading=\"lazy\" decoding=\"async\" src=\"https:\/\/musepoledance.de\/wp-content\/uploads\/2018\/03\/DSC05783-e1522784295705-300x300.jpg\" alt=\"\" width=\"300\" height=\"300\" \/>\t\t\t\t\t\t\t\t\t<\/a>\n\t\t\t\t\t\t\t<\/div>\n\t\t\t\t\t<div class=\"eltdf-ig-image\">\n\t\t\t\t\t\t\t\t\t<a itemprop=\"image\" class=\"eltdf-ig-lightbox\" href=\"https:\/\/musepoledance.de\/wp-content\/uploads\/2018\/04\/11902265_894012214003473_7068950839760916648_n.jpg\" data-rel=\"prettyPhoto[image_gallery_pretty_photo-327]\" title=\"11902265_894012214003473_7068950839760916648_n\">\n\t\t\t\t\t\t\t\t\t<img loading=\"lazy\" decoding=\"async\" src=\"https:\/\/musepoledance.de\/wp-content\/uploads\/2018\/04\/11902265_894012214003473_7068950839760916648_n-300x300.jpg\" alt=\"\" width=\"300\" height=\"300\" \/>\t\t\t\t\t\t\t\t\t<\/a>\n\t\t\t\t\t\t\t<\/div>\n\t\t\t\t\t<div class=\"eltdf-ig-image\">\n\t\t\t\t\t\t\t\t\t<a itemprop=\"image\" class=\"eltdf-ig-lightbox\" href=\"https:\/\/musepoledance.de\/wp-content\/uploads\/2018\/04\/Unbenannt3.jpg\" data-rel=\"prettyPhoto[image_gallery_pretty_photo-327]\" title=\"Unbenannt3\">\n\t\t\t\t\t\t\t\t\t<img loading=\"lazy\" decoding=\"async\" src=\"https:\/\/musepoledance.de\/wp-content\/uploads\/2018\/04\/Unbenannt3-300x300.jpg\" alt=\"\" width=\"300\" height=\"300\" \/>\t\t\t\t\t\t\t\t\t<\/a>\n\t\t\t\t\t\t\t<\/div>\n\t\t\t\t\t<div class=\"eltdf-ig-image\">\n\t\t\t\t\t\t\t\t\t<a itemprop=\"image\" class=\"eltdf-ig-lightbox\" href=\"https:\/\/musepoledance.de\/wp-content\/uploads\/2018\/03\/22519338_2041237422787704_7543213780937856952_n.jpg\" data-rel=\"prettyPhoto[image_gallery_pretty_photo-327]\" title=\"22519338_2041237422787704_7543213780937856952_n\">\n\t\t\t\t\t\t\t\t\t<img loading=\"lazy\" decoding=\"async\" src=\"https:\/\/musepoledance.de\/wp-content\/uploads\/2018\/03\/22519338_2041237422787704_7543213780937856952_n-300x300.jpg\" alt=\"\" width=\"300\" height=\"300\" \/>\t\t\t\t\t\t\t\t\t<\/a>\n\t\t\t\t\t\t\t<\/div>\n\t\t\t\t\t<div class=\"eltdf-ig-image\">\n\t\t\t\t\t\t\t\t\t<a itemprop=\"image\" class=\"eltdf-ig-lightbox\" href=\"https:\/\/musepoledance.de\/wp-content\/uploads\/2018\/04\/Unbenannt-1-e1522784425338.jpg\" data-rel=\"prettyPhoto[image_gallery_pretty_photo-327]\" title=\"Unbenannt\">\n\t\t\t\t\t\t\t\t\t<img loading=\"lazy\" decoding=\"async\" src=\"https:\/\/musepoledance.de\/wp-content\/uploads\/2018\/04\/Unbenannt-1-e1522784425338-300x300.jpg\" alt=\"\" width=\"300\" height=\"300\" \/>\t\t\t\t\t\t\t\t\t<\/a>\n\t\t\t\t\t\t\t<\/div>\n\t\t\t<\/div>\n<\/div><div class=\"vc_empty_space\"   style=\"height: 64px\"><span class=\"vc_empty_space_inner\"><\/span><\/div><\/div><\/div><\/div><\/div><div class=\"vc_row wpb_row vc_row-fluid\" ><div class=\"wpb_column vc_column_container vc_col-sm-12\"><div class=\"vc_column-inner\"><div class=\"wpb_wrapper\">\n\t<div class=\"wpb_text_column wpb_content_element\" >\n\t\t<div class=\"wpb_wrapper\">\n\t\t\t\n\t\t<\/div>\n\t<\/div>\n<\/div><\/div><\/div><\/div>\n<\/div>","protected":false},"excerpt":{"rendered":"Ein professioneller Pole Dance Auftritt kann zum Highlight eines jeden Events werden. Muse Pole Dance bietet hierf\u00fcr eine Auswahl an erfahrenen T\u00e4nzern und Akrobaten, die mit ihren individuellen und ausdrucksstarken Tanzstilen bereits auf zahlreichen nationalen und internationalen B\u00fchnen das Publikum begeistert haben. Egal ob f\u00fcr ein Firmenevent, eine Club Nacht, einen Werbe- oder Filmdreh - unsere professionellen Performer k\u00f6nnen sowohl im Umkreis Berlins, als auch deutschlandweit gebucht werden. Gerne bereiten wir Ihnen einen Showact vor, der auf Ihre pers\u00f6nlichen W\u00fcnsche und Anspr\u00fcche zugeschnitten ist. Eine portable Pole [...]","protected":false},"author":2,"featured_media":0,"parent":0,"menu_order":0,"comment_status":"closed","ping_status":"closed","template":"full-width.php","meta":{"footnotes":""},"class_list":["post-9787","page","type-page","status-publish","hentry"],"_links":{"self":[{"href":"https:\/\/musepoledance.de\/en\/wp-json\/wp\/v2\/pages\/9787","targetHints":{"allow":["GET"]}}],"collection":[{"href":"https:\/\/musepoledance.de\/en\/wp-json\/wp\/v2\/pages"}],"about":[{"href":"https:\/\/musepoledance.de\/en\/wp-json\/wp\/v2\/types\/page"}],"author":[{"embeddable":true,"href":"https:\/\/musepoledance.de\/en\/wp-json\/wp\/v2\/users\/2"}],"replies":[{"embeddable":true,"href":"https:\/\/musepoledance.de\/en\/wp-json\/wp\/v2\/comments?post=9787"}],"version-history":[{"count":25,"href":"https:\/\/musepoledance.de\/en\/wp-json\/wp\/v2\/pages\/9787\/revisions"}],"predecessor-version":[{"id":11702,"href":"https:\/\/musepoledance.de\/en\/wp-json\/wp\/v2\/pages\/9787\/revisions\/11702"}],"wp:attachment":[{"href":"https:\/\/musepoledance.de\/en\/wp-json\/wp\/v2\/media?parent=9787"}],"curies":[{"name":"wp","href":"https:\/\/api.w.org\/{rel}","templated":true}]}}