{"id":9720,"date":"2018-03-19T22:04:10","date_gmt":"2018-03-19T22:04:10","guid":{"rendered":"https:\/\/musepoledance.de\/?page_id=9720"},"modified":"2025-10-20T20:35:33","modified_gmt":"2025-10-20T18:35:33","slug":"partys","status":"publish","type":"page","link":"https:\/\/musepoledance.de\/en\/partys\/","title":{"rendered":"Parties"},"content":{"rendered":"<div class=\"wpb-content-wrapper\"><div class=\"eltdf-row-grid-section-wrapper\"  ><div class=\"eltdf-row-grid-section\"><div class=\"vc_row wpb_row vc_row-fluid vc_column-gap-30\" ><div class=\"wpb_column vc_column_container vc_col-sm-6\"><div class=\"vc_column-inner\"><div class=\"wpb_wrapper\"><div class=\"vc_empty_space\"   style=\"height: 64px\"><span class=\"vc_empty_space_inner\"><\/span><\/div>\n\t<div class=\"wpb_text_column wpb_content_element\" >\n\t\t<div class=\"wpb_wrapper\">\n\t\t\t<h3>Bachelorettes and Private Parties<\/h3>\n<p>Are you looking for an original event in an exclusive atmosphere? Would you like to get away from it all and take your crew with you? Then book a private party at the <em>Muse!<\/em> Whether it's for your girlfriend's bachelorette party, the upcoming team event with your colleagues, your next birthday or just a fabulous afternoon with the girls - we'll make your party a unique experience!<\/p>\n\n\t\t<\/div>\n\t<\/div>\n<div class=\"vc_empty_space\"   style=\"height: 32px\"><span class=\"vc_empty_space_inner\"><\/span><\/div>\n\t<div class=\"wpb_text_column wpb_content_element\" >\n\t\t<div class=\"wpb_wrapper\">\n\t\t\t<h4>Here's how:<\/h4>\n<ul>\n<li>Take a look at our party offer and choose your desired package.<\/li>\n<li>Send us an inquiry via the contact form and mention the chosen package, your desired date and the number of participants.<\/li>\n<li>As soon as we can suggest you a date, we will send you all the necessary information to transfer the deposit.<\/li>\n<\/ul>\n\n\t\t<\/div>\n\t<\/div>\n<\/div><\/div><\/div><div class=\"wpb_column vc_column_container vc_col-sm-6\"><div class=\"vc_column-inner\"><div class=\"wpb_wrapper\"><div class=\"vc_empty_space\"   style=\"height: 64px\"><span class=\"vc_empty_space_inner\"><\/span><\/div>\n\t<div  class=\"wpb_single_image wpb_content_element vc_align_left\">\n\t\t\n\t\t<figure class=\"wpb_wrapper vc_figure\">\n\t\t\t<div class=\"vc_single_image-wrapper   vc_box_border_grey\"><img loading=\"lazy\" decoding=\"async\" width=\"2655\" height=\"1446\" src=\"https:\/\/musepoledance.de\/wp-content\/uploads\/2018\/04\/Pole-Party-2-e1523905032951.png\" class=\"vc_single_image-img attachment-full\" alt=\"\" title=\"Pole Party 2\" srcset=\"https:\/\/musepoledance.de\/wp-content\/uploads\/2018\/04\/Pole-Party-2-e1523905032951.png 2655w, https:\/\/musepoledance.de\/wp-content\/uploads\/2018\/04\/Pole-Party-2-e1523905032951-600x327.png 600w, https:\/\/musepoledance.de\/wp-content\/uploads\/2018\/04\/Pole-Party-2-e1523905032951-300x163.png 300w, https:\/\/musepoledance.de\/wp-content\/uploads\/2018\/04\/Pole-Party-2-e1523905032951-768x418.png 768w, https:\/\/musepoledance.de\/wp-content\/uploads\/2018\/04\/Pole-Party-2-e1523905032951-1024x558.png 1024w\" sizes=\"auto, (max-width: 2655px) 100vw, 2655px\" \/><\/div>\n\t\t<\/figure>\n\t<\/div>\n<div class=\"vc_empty_space\"   style=\"height: 18px\"><span class=\"vc_empty_space_inner\"><\/span><\/div>\n\t<div class=\"wpb_text_column wpb_content_element\" >\n\t\t<div class=\"wpb_wrapper\">\n\t\t\t<h4>What we do during a 90 Minutes Party<\/h4>\n<ul>\n<li>10 minutes: Welcome with champagne reception<\/li>\n<li>10 minutes: Warm up<\/li>\n<li>40 minutes: Learning a choreography suitable for the selected package<\/li>\n<li>10 minutes: Dancing through the choreo with the possibility to make videos<\/li>\n<li>20 minutes: Time for group photos &amp; winding down the party<\/li>\n<\/ul>\n<h4><\/h4>\n\n\t\t<\/div>\n\t<\/div>\n<\/div><\/div><\/div><\/div><\/div><\/div><div class=\"vc_row wpb_row vc_row-fluid\" ><div class=\"wpb_column vc_column_container vc_col-sm-12\"><div class=\"vc_column-inner\"><div class=\"wpb_wrapper\"><div class=\"vc_empty_space\"   style=\"height: 64px\"><span class=\"vc_empty_space_inner\"><\/span><\/div><\/div><\/div><\/div><div class=\"wpb_column vc_column_container vc_col-sm-12 vc_col-has-fill\"><div class=\"vc_column-inner vc_custom_1521536667073\"><div class=\"wpb_wrapper\">\n\t<div class=\"wpb_text_column wpb_content_element  vc_custom_1745949104021\" >\n\t\t<div class=\"wpb_wrapper\">\n\t\t\t<h3 style=\"text-align: center;\">Our offer<\/h3>\n\n\t\t<\/div>\n\t<\/div>\n<\/div><\/div><\/div><\/div><div class=\"vc_row wpb_row vc_row-fluid vc_custom_1521536594556 vc_row-has-fill\" style=\"background-color:#fafafa\"><div class=\"wpb_column vc_column_container vc_col-sm-3 vc_col-has-fill\"><div class=\"vc_column-inner vc_custom_1521535802230\"><div class=\"wpb_wrapper\"><div class=\"vc-hoverbox-wrapper  vc-hoverbox-shape--rounded vc-hoverbox-align--center vc-hoverbox-direction--default vc-hoverbox-width--100\"  ontouchstart=\"\">\n  <div class=\"vc-hoverbox\">\n    <div class=\"vc-hoverbox-inner\">\n      <div class=\"vc-hoverbox-block vc-hoverbox-front\" style=\"background-image: url(https:\/\/musepoledance.de\/wp-content\/uploads\/2021\/11\/Lilli-1024x1024.png);\">\n        <div class=\"vc-hoverbox-block-inner vc-hoverbox-front-inner\">\n            <h2 style=\"font-size: 45px;color: #ffffff;text-align: center\" class=\"vc_custom_heading\" >Classic Pole Dance<\/h2>\n        <\/div>\n      <\/div>\n      <div class=\"vc-hoverbox-block vc-hoverbox-back\" style=\"background-color: #ebebeb;\">\n        <div class=\"vc-hoverbox-block-inner vc-hoverbox-back-inner\">\n            \n            <p>Pole Dance in its classic form: You will learn a few simple spins, climbs and sits. These are combined with simple dance movements and flowing floorwork to create an elegant choreography. We will wear shorts and a top in which we feel comfortable in. We dance either barefoot or on socks.<\/p>\n\n            \n        <\/div>\n      <\/div>\n    <\/div>\n  <\/div>\n<\/div><\/div><\/div><\/div><div class=\"wpb_column vc_column_container vc_col-sm-3 vc_col-has-fill\"><div class=\"vc_column-inner vc_custom_1521535789755\"><div class=\"wpb_wrapper\"><div class=\"vc-hoverbox-wrapper  vc-hoverbox-shape--rounded vc-hoverbox-align--center vc-hoverbox-direction--default vc-hoverbox-width--100\"  ontouchstart=\"\">\n  <div class=\"vc-hoverbox\">\n    <div class=\"vc-hoverbox-inner\">\n      <div class=\"vc-hoverbox-block vc-hoverbox-front\" style=\"background-image: url(https:\/\/musepoledance.de\/wp-content\/uploads\/2018\/04\/Sexy-Pole-3-e1522609519596.jpg);\">\n        <div class=\"vc-hoverbox-block-inner vc-hoverbox-front-inner\">\n            <h2 style=\"font-size: 45px;color: #ffffff;text-align: center\" class=\"vc_custom_heading\" >Sexy Pole Dance<\/h2>\n        <\/div>\n      <\/div>\n      <div class=\"vc-hoverbox-block vc-hoverbox-back\" style=\"background-color: #ebebeb;\">\n        <div class=\"vc-hoverbox-block-inner vc-hoverbox-back-inner\">\n            \n            <p>The sensual way of pole dancing: Similar to Classic Pole Dance you will learn simple spins, climbs and sits. These are spiced up with sexy moves and floorwork and combined into a hot choreography. We wear shorts and a top in which we feel comfortable. We dance barefoot or in high heels.<\/p>\n\n            \n        <\/div>\n      <\/div>\n    <\/div>\n  <\/div>\n<\/div><\/div><\/div><\/div><div class=\"wpb_column vc_column_container vc_col-sm-3 vc_col-has-fill\"><div class=\"vc_column-inner vc_custom_1521535811603\"><div class=\"wpb_wrapper\"><div class=\"vc-hoverbox-wrapper  vc-hoverbox-shape--rounded vc-hoverbox-align--center vc-hoverbox-direction--default vc-hoverbox-width--100\"  ontouchstart=\"\">\n  <div class=\"vc-hoverbox\">\n    <div class=\"vc-hoverbox-inner\">\n      <div class=\"vc-hoverbox-block vc-hoverbox-front\" style=\"background-image: url(https:\/\/musepoledance.de\/wp-content\/uploads\/2018\/04\/10636202_10204946935692543_4120909001244622929_n-e1522608417153.jpg);\">\n        <div class=\"vc-hoverbox-block-inner vc-hoverbox-front-inner\">\n            <h2 style=\"font-size: 45px;color: #ffffff;text-align: center\" class=\"vc_custom_heading\" >Chair Dance<\/h2>\n        <\/div>\n      <\/div>\n      <div class=\"vc-hoverbox-block vc-hoverbox-back\" style=\"background-color: #ebebeb;\">\n        <div class=\"vc-hoverbox-block-inner vc-hoverbox-back-inner\">\n            \n            <p>The Chair dance: we dance in front of the chair, on the chair and around the chair. Simple acrobatic elements are combined with dance movements and combined into a breathtaking choreography. We wear leggings and a top in which we feel comfortable. We dance barefoot or in high heels.<\/p>\n\n            \n        <\/div>\n      <\/div>\n    <\/div>\n  <\/div>\n<\/div><\/div><\/div><\/div><div class=\"wpb_column vc_column_container vc_col-sm-3 vc_col-has-fill\"><div class=\"vc_column-inner vc_custom_1521535826548\"><div class=\"wpb_wrapper\"><div class=\"vc-hoverbox-wrapper  vc-hoverbox-shape--rounded vc-hoverbox-align--center vc-hoverbox-direction--default vc-hoverbox-width--100\"  ontouchstart=\"\">\n  <div class=\"vc-hoverbox\">\n    <div class=\"vc-hoverbox-inner\">\n      <div class=\"vc-hoverbox-block vc-hoverbox-front\" style=\"background-image: url(https:\/\/musepoledance.de\/wp-content\/uploads\/2018\/04\/lily-dazzle-pole-theatre-world-03734-1024x683.jpg);\">\n        <div class=\"vc-hoverbox-block-inner vc-hoverbox-front-inner\">\n            <h2 style=\"font-size: 45px;color: #ffffff;text-align: center\" class=\"vc_custom_heading\" >Striptease<\/h2>\n        <\/div>\n      <\/div>\n      <div class=\"vc-hoverbox-block vc-hoverbox-back\" style=\"background-color: #ebebeb;\">\n        <div class=\"vc-hoverbox-block-inner vc-hoverbox-back-inner\">\n            \n            <p>The art of undressing: Here you'll learn what really matters in an artful striptease. While stylishly exposing ourselves, we dance in the open space, on and around a chair and very close to the floor. In outfits everything is possible in which you feel sexy and seductive. We dance barefoot and in stockings or in high heels.<\/p>\n\n            \n        <\/div>\n      <\/div>\n    <\/div>\n  <\/div>\n<\/div><\/div><\/div><\/div><\/div><div class=\"vc_row wpb_row vc_row-fluid vc_custom_1521536679512 vc_row-has-fill\" ><div class=\"wpb_column vc_column_container vc_col-sm-12\"><div class=\"vc_column-inner\"><div class=\"wpb_wrapper\"><div class=\"vc_empty_space  vc_custom_1521536873315\"   style=\"height: 16px\"><span class=\"vc_empty_space_inner\"><\/span><\/div><\/div><\/div><\/div><div class=\"wpb_column vc_column_container vc_col-sm-12\"><div class=\"vc_column-inner\"><div class=\"wpb_wrapper\"><div class=\"vc_empty_space  vc_custom_1521535842097\"   style=\"height: 16px\"><span class=\"vc_empty_space_inner\"><\/span><\/div><\/div><\/div><\/div><\/div><div class=\"eltdf-row-grid-section-wrapper\"  ><div class=\"eltdf-row-grid-section\"><div class=\"vc_row wpb_row vc_row-fluid vc_column-gap-30\" ><div class=\"wpb_column vc_column_container vc_col-sm-4\"><div class=\"vc_column-inner\"><div class=\"wpb_wrapper\">\n\t<div class=\"wpb_text_column wpb_content_element\" >\n\t\t<div class=\"wpb_wrapper\">\n\t\t\t<h3>Prices<\/h3>\n\n<table id=\"tablepress-14\" class=\"tablepress tablepress-id-14\">\n<thead>\n<tr class=\"row-1\">\n\t<th class=\"column-1\">Participants<\/th><th class=\"column-2\">Price<\/th><th class=\"column-3\">Details<\/th>\n<\/tr>\n<\/thead>\n<tbody class=\"row-striping row-hover\">\n<tr class=\"row-2\">\n\t<td class=\"column-1\">3-5<\/td><td class=\"column-2\">240 \u20ac<\/td><td class=\"column-3\">Sparkling Wine and water included<\/td>\n<\/tr>\n<tr class=\"row-3\">\n\t<td class=\"column-1\">6-8<\/td><td class=\"column-2\">290 \u20ac<\/td><td class=\"column-3\">Sparkling Wine and water included<\/td>\n<\/tr>\n<tr class=\"row-4\">\n\t<td class=\"column-1\">9-11<\/td><td class=\"column-2\">340 \u20ac<\/td><td class=\"column-3\">Sparkling Wine and water included<\/td>\n<\/tr>\n<tr class=\"row-5\">\n\t<td class=\"column-1\">12-14<\/td><td class=\"column-2\">390 \u20ac<\/td><td class=\"column-3\">Sparkling Wine and water included<\/td>\n<\/tr>\n<tr class=\"row-6\">\n\t<td class=\"column-1\">from 15<\/td><td class=\"column-2\">440 \u20ac<\/td><td class=\"column-3\">Sparkling Wine and water included<\/td>\n<\/tr>\n<\/tbody>\n<\/table>\n<!-- #tablepress-14 from cache -->\n\n\t\t<\/div>\n\t<\/div>\n<\/div><\/div><\/div><div class=\"wpb_column vc_column_container vc_col-sm-8\"><div class=\"vc_column-inner\"><div class=\"wpb_wrapper\">\n\t<div class=\"wpb_text_column wpb_content_element\" >\n\t\t<div class=\"wpb_wrapper\">\n\t\t\t<h3>Conditions<\/h3>\n<ul>\n<li>Bookings are binding once we have received the payment in full.<\/li>\n<li>Changes in the number of participants must be communicated to the studio at least one day before the party.<\/li>\n<li>The party can be cancelled free of charge up to 14 days before the event. In case of a later cancellation, 50% of the payment will not be refunded. If the party is cancelled less than 24 hours before the date, a refund is not possible.<\/li>\n<li>In case of late arrival, the party will be shortened by the minutes that the group arrived late. If the party is more than 30 minutes late, the party will be cancelled without refund.<\/li>\n<\/ul>\n\n\t\t<\/div>\n\t<\/div>\n<\/div><\/div><\/div><\/div><\/div><\/div><div class=\"vc_row wpb_row vc_row-fluid\" ><div class=\"wpb_column vc_column_container vc_col-sm-12\"><div class=\"vc_column-inner\"><div class=\"wpb_wrapper\"><div class=\"vc_empty_space\"   style=\"height: 64px\"><span class=\"vc_empty_space_inner\"><\/span><\/div><\/div><\/div><\/div><\/div>\n<\/div>","protected":false},"excerpt":{"rendered":"Junggesellinnenabschiede und Privatpartys Suchst du nach einem originellen Event in exklusiver Atmosph\u00e4re? M\u00f6chtest du einfach mal dem Alltag entfliehen und deine Crew mitnehmen? Dann buche eine Privatparty im Muse! Ob f\u00fcr den Junggesellinnenabschied deiner Freundin, das anstehende Team Event mit den Kollegen, deinen n\u00e4chsten Geburtstag oder einfach einen fabelhaften Nachmittag mit den M\u00e4dels - wir machen deine Party zu einem einzigartigen Erlebnis! Und so geht's: Schaut euch unser Party-Angebot an und sucht euer Wunschpaket aus. Schickt uns eine Anfrage \u00fcber das Kontaktformular und nennt dabei das gew\u00e4hlte [...]","protected":false},"author":2,"featured_media":0,"parent":0,"menu_order":0,"comment_status":"closed","ping_status":"closed","template":"full-width.php","meta":{"footnotes":""},"class_list":["post-9720","page","type-page","status-publish","hentry"],"_links":{"self":[{"href":"https:\/\/musepoledance.de\/en\/wp-json\/wp\/v2\/pages\/9720","targetHints":{"allow":["GET"]}}],"collection":[{"href":"https:\/\/musepoledance.de\/en\/wp-json\/wp\/v2\/pages"}],"about":[{"href":"https:\/\/musepoledance.de\/en\/wp-json\/wp\/v2\/types\/page"}],"author":[{"embeddable":true,"href":"https:\/\/musepoledance.de\/en\/wp-json\/wp\/v2\/users\/2"}],"replies":[{"embeddable":true,"href":"https:\/\/musepoledance.de\/en\/wp-json\/wp\/v2\/comments?post=9720"}],"version-history":[{"count":110,"href":"https:\/\/musepoledance.de\/en\/wp-json\/wp\/v2\/pages\/9720\/revisions"}],"predecessor-version":[{"id":27728,"href":"https:\/\/musepoledance.de\/en\/wp-json\/wp\/v2\/pages\/9720\/revisions\/27728"}],"wp:attachment":[{"href":"https:\/\/musepoledance.de\/en\/wp-json\/wp\/v2\/media?parent=9720"}],"curies":[{"name":"wp","href":"https:\/\/api.w.org\/{rel}","templated":true}]}}