{"id":9487,"date":"2018-03-01T10:43:37","date_gmt":"2018-03-01T10:43:37","guid":{"rendered":"https:\/\/musepoledance.de\/?page_id=9487"},"modified":"2023-09-07T19:56:21","modified_gmt":"2023-09-07T17:56:21","slug":"studio","status":"publish","type":"page","link":"https:\/\/musepoledance.de\/en\/studio\/","title":{"rendered":"Studio"},"content":{"rendered":"<div class=\"wpb-content-wrapper\"><div class=\"eltdf-row-grid-section-wrapper\"  ><div class=\"eltdf-row-grid-section\"><div class=\"vc_row wpb_row vc_row-fluid\" ><div class=\"wpb_column vc_column_container vc_col-sm-12\"><div class=\"vc_column-inner\"><div class=\"wpb_wrapper\">\n\t<div class=\"wpb_text_column wpb_content_element  vc_custom_1694109377876\" >\n\t\t<div class=\"wpb_wrapper\">\n\t\t\t<p>Our 165 m\u00b2 pole dance studio in Berlin Mitte combines a loving atmosphere with high-quality training equipment. The dance floor is equipped with 11 <i>Lupit <\/i><i>Pole<\/i><i> PRO <\/i>studio poles made out of brass and stainless steel. With the innovative\u00a0<i>Quick Lock<\/i>\u00a0at the base of the pole, the training mode can be switched from\u00a0<i>static<\/i>\u00a0to\u00a0<i>spinning<\/i> in a second. Our 12m ceiling-high mirrors and our professional LED lighting system gives our dance room a pleasant atmosphere. Thanks to our high-quality sound system, you can completely lose yourself in your movements to loud beats and hot bass.<\/p>\n<p>Even before and after your workout,\u00a0<i>Muse <\/i><i>Pole Dance<\/i> invites you to lounge around. Sit back on our couch and take advantage of our free Wi-Fi. In our studio store you will find everything that makes the heart of a pole dancer beat faster. Here we sell <i>RAD Polewear<\/i>, <i>Lunalae, Paradise Chick<\/i>\u00a0and\u00a0<i>Poledancerka<\/i>, as well as pole dance accessories and grip aids. Fancy some new pole heels? We also have <em>Pleaser<\/em> shoes for sale. If you have any questions, our dedicated front desk team is always ready to help.<\/p>\n<p><b>You want to rent our studio for private or commercial purposes? Then send us an email request to <\/b><a href=\"mailto:team@musepoledance.de\"><u><b>team@musepoledance.de<\/b><\/u><\/a><\/p>\n\n\t\t<\/div>\n\t<\/div>\n<div class=\"vc_empty_space\"   style=\"height: 30px\"><span class=\"vc_empty_space_inner\"><\/span><\/div><\/div><\/div><\/div><\/div><\/div><\/div><div data-vc-full-width=\"true\" data-vc-full-width-init=\"false\" data-vc-stretch-content=\"true\" class=\"vc_row wpb_row vc_row-fluid vc_custom_1621430488026 vc_column-gap-5 vc_row-no-padding vc_row-o-equal-height vc_row-flex\" ><div class=\"wpb_column vc_column_container vc_col-sm-6\"><div class=\"vc_column-inner\"><div class=\"wpb_wrapper\"><div class=\"vc_empty_space\"   style=\"height: 3px\"><span class=\"vc_empty_space_inner\"><\/span><\/div>\n\t<div  class=\"wpb_single_image wpb_content_element vc_align_left\">\n\t\t\n\t\t<figure class=\"wpb_wrapper vc_figure\">\n\t\t\t<a href=\"https:\/\/musepoledance.de\/wp-content\/uploads\/2020\/02\/9W3A8265-BearbeitetWEB-scaled-e1704154025751-1024x512.jpg\" target=\"_self\" class=\"vc_single_image-wrapper   vc_box_border_grey\"><img loading=\"lazy\" decoding=\"async\" width=\"2560\" height=\"1280\" src=\"https:\/\/musepoledance.de\/wp-content\/uploads\/2020\/02\/9W3A8265-BearbeitetWEB-scaled-e1704154025751.jpg\" class=\"vc_single_image-img attachment-full\" alt=\"\" title=\"9W3A8265-BearbeitetWEB\" srcset=\"https:\/\/musepoledance.de\/wp-content\/uploads\/2020\/02\/9W3A8265-BearbeitetWEB-scaled-e1704154025751.jpg 2560w, https:\/\/musepoledance.de\/wp-content\/uploads\/2020\/02\/9W3A8265-BearbeitetWEB-scaled-e1704154025751-600x300.jpg 600w, https:\/\/musepoledance.de\/wp-content\/uploads\/2020\/02\/9W3A8265-BearbeitetWEB-scaled-e1704154025751-300x150.jpg 300w, https:\/\/musepoledance.de\/wp-content\/uploads\/2020\/02\/9W3A8265-BearbeitetWEB-scaled-e1704154025751-1024x512.jpg 1024w, https:\/\/musepoledance.de\/wp-content\/uploads\/2020\/02\/9W3A8265-BearbeitetWEB-scaled-e1704154025751-768x384.jpg 768w, https:\/\/musepoledance.de\/wp-content\/uploads\/2020\/02\/9W3A8265-BearbeitetWEB-scaled-e1704154025751-1536x768.jpg 1536w, https:\/\/musepoledance.de\/wp-content\/uploads\/2020\/02\/9W3A8265-BearbeitetWEB-scaled-e1704154025751-1100x550.jpg 1100w, https:\/\/musepoledance.de\/wp-content\/uploads\/2020\/02\/9W3A8265-BearbeitetWEB-scaled-e1704154025751-18x9.jpg 18w\" sizes=\"auto, (max-width: 2560px) 100vw, 2560px\" \/><\/a>\n\t\t<\/figure>\n\t<\/div>\n<\/div><\/div><\/div><div class=\"wpb_column vc_column_container vc_col-sm-3\"><div class=\"vc_column-inner\"><div class=\"wpb_wrapper\"><div class=\"vc_empty_space\"   style=\"height: 3px\"><span class=\"vc_empty_space_inner\"><\/span><\/div>\n\t<div  class=\"wpb_single_image wpb_content_element vc_align_right\">\n\t\t\n\t\t<figure class=\"wpb_wrapper vc_figure\">\n\t\t\t<a href=\"https:\/\/musepoledance.de\/wp-content\/uploads\/2020\/02\/9W3A8281-BearbeitetWEB-scaled-e1580727428470-1024x1024.jpg\" target=\"_self\" class=\"vc_single_image-wrapper   vc_box_border_grey\"><img loading=\"lazy\" decoding=\"async\" width=\"500\" height=\"500\" src=\"https:\/\/musepoledance.de\/wp-content\/uploads\/2020\/02\/9W3A8281-BearbeitetWEB-scaled-e1704153327836.jpg\" class=\"vc_single_image-img attachment-full\" alt=\"\" title=\"9W3A8281-BearbeitetWEB\" srcset=\"https:\/\/musepoledance.de\/wp-content\/uploads\/2020\/02\/9W3A8281-BearbeitetWEB-scaled-e1704153327836.jpg 500w, https:\/\/musepoledance.de\/wp-content\/uploads\/2020\/02\/9W3A8281-BearbeitetWEB-scaled-e1704153327836-300x300.jpg 300w, https:\/\/musepoledance.de\/wp-content\/uploads\/2020\/02\/9W3A8281-BearbeitetWEB-scaled-e1704153327836-200x200.jpg 200w\" sizes=\"auto, (max-width: 500px) 100vw, 500px\" \/><\/a>\n\t\t<\/figure>\n\t<\/div>\n<\/div><\/div><\/div><div class=\"wpb_column vc_column_container vc_col-sm-3\"><div class=\"vc_column-inner\"><div class=\"wpb_wrapper\"><div class=\"vc_empty_space\"   style=\"height: 3px\"><span class=\"vc_empty_space_inner\"><\/span><\/div>\n\t<div  class=\"wpb_single_image wpb_content_element vc_align_center\">\n\t\t\n\t\t<figure class=\"wpb_wrapper vc_figure\">\n\t\t\t<a href=\"https:\/\/musepoledance.de\/wp-content\/uploads\/2020\/02\/9W3A8258-Bearbeitet-2WEB-1-scaled-e1704153375745.jpg\" target=\"_self\" class=\"vc_single_image-wrapper   vc_box_border_grey\"><img loading=\"lazy\" decoding=\"async\" width=\"500\" height=\"500\" src=\"https:\/\/musepoledance.de\/wp-content\/uploads\/2020\/02\/9W3A8258-Bearbeitet-2WEB-1-scaled-e1704153375745.jpg\" class=\"vc_single_image-img attachment-full\" alt=\"\" title=\"9W3A8258-Bearbeitet-2WEB\" srcset=\"https:\/\/musepoledance.de\/wp-content\/uploads\/2020\/02\/9W3A8258-Bearbeitet-2WEB-1-scaled-e1704153375745.jpg 500w, https:\/\/musepoledance.de\/wp-content\/uploads\/2020\/02\/9W3A8258-Bearbeitet-2WEB-1-scaled-e1704153375745-300x300.jpg 300w, https:\/\/musepoledance.de\/wp-content\/uploads\/2020\/02\/9W3A8258-Bearbeitet-2WEB-1-scaled-e1704153375745-200x200.jpg 200w\" sizes=\"auto, (max-width: 500px) 100vw, 500px\" \/><\/a>\n\t\t<\/figure>\n\t<\/div>\n<\/div><\/div><\/div><\/div><div class=\"vc_row-full-width vc_clearfix\"><\/div><div data-vc-full-width=\"true\" data-vc-full-width-init=\"false\" data-vc-stretch-content=\"true\" class=\"vc_row wpb_row vc_row-fluid vc_custom_1621430532178 vc_column-gap-5 vc_row-no-padding vc_row-o-equal-height vc_row-o-content-middle vc_row-flex\" ><div class=\"wpb_column vc_column_container vc_col-sm-3\"><div class=\"vc_column-inner\"><div class=\"wpb_wrapper\"><div class=\"vc_empty_space\"   style=\"height: 3px\"><span class=\"vc_empty_space_inner\"><\/span><\/div>\n\t<div  class=\"wpb_single_image wpb_content_element vc_align_left\">\n\t\t\n\t\t<figure class=\"wpb_wrapper vc_figure\">\n\t\t\t<a href=\"https:\/\/musepoledance.de\/wp-content\/uploads\/2020\/02\/9W3A8314WEB-scaled-e1580727667917-1024x1024.jpg\" target=\"_self\" class=\"vc_single_image-wrapper   vc_box_border_grey\"><img loading=\"lazy\" decoding=\"async\" width=\"500\" height=\"500\" src=\"https:\/\/musepoledance.de\/wp-content\/uploads\/2020\/02\/9W3A8314WEB-scaled-e1704153436990.jpg\" class=\"vc_single_image-img attachment-full\" alt=\"\" title=\"9W3A8314WEB\" srcset=\"https:\/\/musepoledance.de\/wp-content\/uploads\/2020\/02\/9W3A8314WEB-scaled-e1704153436990.jpg 500w, https:\/\/musepoledance.de\/wp-content\/uploads\/2020\/02\/9W3A8314WEB-scaled-e1704153436990-300x300.jpg 300w, https:\/\/musepoledance.de\/wp-content\/uploads\/2020\/02\/9W3A8314WEB-scaled-e1704153436990-200x200.jpg 200w\" sizes=\"auto, (max-width: 500px) 100vw, 500px\" \/><\/a>\n\t\t<\/figure>\n\t<\/div>\n<\/div><\/div><\/div><div class=\"wpb_column vc_column_container vc_col-sm-3\"><div class=\"vc_column-inner\"><div class=\"wpb_wrapper\"><div class=\"vc_empty_space\"   style=\"height: 3px\"><span class=\"vc_empty_space_inner\"><\/span><\/div>\n\t<div  class=\"wpb_single_image wpb_content_element vc_align_right\">\n\t\t\n\t\t<figure class=\"wpb_wrapper vc_figure\">\n\t\t\t<a href=\"https:\/\/musepoledance.de\/wp-content\/uploads\/2020\/02\/9W3A8298-BearbeitetWEB-scaled-e1580727775692-1024x1024.jpg\" target=\"_self\" class=\"vc_single_image-wrapper   vc_box_border_grey\"><img loading=\"lazy\" decoding=\"async\" width=\"600\" height=\"600\" src=\"https:\/\/musepoledance.de\/wp-content\/uploads\/2020\/02\/9W3A8298-BearbeitetWEB-scaled-e1580727790852.jpg\" class=\"vc_single_image-img attachment-full\" alt=\"\" title=\"9W3A8298-BearbeitetWEB\" srcset=\"https:\/\/musepoledance.de\/wp-content\/uploads\/2020\/02\/9W3A8298-BearbeitetWEB-scaled-e1580727790852.jpg 600w, https:\/\/musepoledance.de\/wp-content\/uploads\/2020\/02\/9W3A8298-BearbeitetWEB-scaled-e1580727790852-300x300.jpg 300w, https:\/\/musepoledance.de\/wp-content\/uploads\/2020\/02\/9W3A8298-BearbeitetWEB-scaled-e1580727790852-200x200.jpg 200w\" sizes=\"auto, (max-width: 600px) 100vw, 600px\" \/><\/a>\n\t\t<\/figure>\n\t<\/div>\n<\/div><\/div><\/div><div class=\"wpb_column vc_column_container vc_col-sm-6\"><div class=\"vc_column-inner\"><div class=\"wpb_wrapper\"><div class=\"vc_empty_space\"   style=\"height: 3px\"><span class=\"vc_empty_space_inner\"><\/span><\/div>\n\t<div  class=\"wpb_single_image wpb_content_element vc_align_center\">\n\t\t\n\t\t<figure class=\"wpb_wrapper vc_figure\">\n\t\t\t<a href=\"https:\/\/musepoledance.de\/wp-content\/uploads\/2020\/02\/9W3A8246-BearbeitetWEB-scaled-e1704154165403-1024x512.jpg\" target=\"_self\" class=\"vc_single_image-wrapper   vc_box_border_grey\"><img loading=\"lazy\" decoding=\"async\" width=\"2286\" height=\"1143\" src=\"https:\/\/musepoledance.de\/wp-content\/uploads\/2020\/02\/9W3A8246-BearbeitetWEB-scaled-e1704154165403.jpg\" class=\"vc_single_image-img attachment-full\" alt=\"\" title=\"9W3A8246-BearbeitetWEB\" srcset=\"https:\/\/musepoledance.de\/wp-content\/uploads\/2020\/02\/9W3A8246-BearbeitetWEB-scaled-e1704154165403.jpg 2286w, https:\/\/musepoledance.de\/wp-content\/uploads\/2020\/02\/9W3A8246-BearbeitetWEB-scaled-e1704154165403-600x300.jpg 600w, https:\/\/musepoledance.de\/wp-content\/uploads\/2020\/02\/9W3A8246-BearbeitetWEB-scaled-e1704154165403-300x150.jpg 300w, https:\/\/musepoledance.de\/wp-content\/uploads\/2020\/02\/9W3A8246-BearbeitetWEB-scaled-e1704154165403-1024x512.jpg 1024w, https:\/\/musepoledance.de\/wp-content\/uploads\/2020\/02\/9W3A8246-BearbeitetWEB-scaled-e1704154165403-768x384.jpg 768w, https:\/\/musepoledance.de\/wp-content\/uploads\/2020\/02\/9W3A8246-BearbeitetWEB-scaled-e1704154165403-1536x768.jpg 1536w, https:\/\/musepoledance.de\/wp-content\/uploads\/2020\/02\/9W3A8246-BearbeitetWEB-scaled-e1704154165403-1100x550.jpg 1100w, https:\/\/musepoledance.de\/wp-content\/uploads\/2020\/02\/9W3A8246-BearbeitetWEB-scaled-e1704154165403-18x9.jpg 18w\" sizes=\"auto, (max-width: 2286px) 100vw, 2286px\" \/><\/a>\n\t\t<\/figure>\n\t<\/div>\n<\/div><\/div><\/div><\/div><div class=\"vc_row-full-width vc_clearfix\"><\/div><div data-vc-full-width=\"true\" data-vc-full-width-init=\"false\" data-vc-stretch-content=\"true\" class=\"vc_row wpb_row vc_row-fluid vc_custom_1621430577074 vc_column-gap-5 vc_row-no-padding vc_row-o-equal-height vc_row-o-content-middle vc_row-flex\" ><div class=\"wpb_column vc_column_container vc_col-sm-6\"><div class=\"vc_column-inner\"><div class=\"wpb_wrapper\"><div class=\"vc_empty_space\"   style=\"height: 3px\"><span class=\"vc_empty_space_inner\"><\/span><\/div>\n\t<div  class=\"wpb_single_image wpb_content_element vc_align_left\">\n\t\t\n\t\t<figure class=\"wpb_wrapper vc_figure\">\n\t\t\t<a href=\"https:\/\/musepoledance.de\/wp-content\/uploads\/2020\/02\/9W3A8229-BearbeitetWEB-scaled-e1704154331301-1024x511.jpg\" target=\"_self\" class=\"vc_single_image-wrapper   vc_box_border_grey\"><img loading=\"lazy\" decoding=\"async\" width=\"2103\" height=\"1049\" src=\"https:\/\/musepoledance.de\/wp-content\/uploads\/2020\/02\/9W3A8229-BearbeitetWEB-scaled-e1704154331301.jpg\" class=\"vc_single_image-img attachment-full\" alt=\"\" title=\"9W3A8229-BearbeitetWEB\" srcset=\"https:\/\/musepoledance.de\/wp-content\/uploads\/2020\/02\/9W3A8229-BearbeitetWEB-scaled-e1704154331301.jpg 2103w, https:\/\/musepoledance.de\/wp-content\/uploads\/2020\/02\/9W3A8229-BearbeitetWEB-scaled-e1704154331301-600x299.jpg 600w, https:\/\/musepoledance.de\/wp-content\/uploads\/2020\/02\/9W3A8229-BearbeitetWEB-scaled-e1704154331301-300x150.jpg 300w, https:\/\/musepoledance.de\/wp-content\/uploads\/2020\/02\/9W3A8229-BearbeitetWEB-scaled-e1704154331301-1024x511.jpg 1024w, https:\/\/musepoledance.de\/wp-content\/uploads\/2020\/02\/9W3A8229-BearbeitetWEB-scaled-e1704154331301-768x383.jpg 768w, https:\/\/musepoledance.de\/wp-content\/uploads\/2020\/02\/9W3A8229-BearbeitetWEB-scaled-e1704154331301-1536x766.jpg 1536w, https:\/\/musepoledance.de\/wp-content\/uploads\/2020\/02\/9W3A8229-BearbeitetWEB-scaled-e1704154331301-1100x550.jpg 1100w, https:\/\/musepoledance.de\/wp-content\/uploads\/2020\/02\/9W3A8229-BearbeitetWEB-scaled-e1704154331301-18x9.jpg 18w\" sizes=\"auto, (max-width: 2103px) 100vw, 2103px\" \/><\/a>\n\t\t<\/figure>\n\t<\/div>\n<\/div><\/div><\/div><div class=\"wpb_column vc_column_container vc_col-sm-3\"><div class=\"vc_column-inner\"><div class=\"wpb_wrapper\"><div class=\"vc_empty_space\"   style=\"height: 3px\"><span class=\"vc_empty_space_inner\"><\/span><\/div>\n\t<div  class=\"wpb_single_image wpb_content_element vc_align_right\">\n\t\t\n\t\t<figure class=\"wpb_wrapper vc_figure\">\n\t\t\t<a href=\"https:\/\/musepoledance.de\/wp-content\/uploads\/2020\/02\/9W3A8299WEB-scaled-e1580727889889-1024x1024.jpg\" target=\"_self\" class=\"vc_single_image-wrapper   vc_box_border_grey\"><img loading=\"lazy\" decoding=\"async\" width=\"600\" height=\"600\" src=\"https:\/\/musepoledance.de\/wp-content\/uploads\/2020\/02\/9W3A8299WEB-scaled-e1580727917120.jpg\" class=\"vc_single_image-img attachment-full\" alt=\"\" title=\"9W3A8299WEB\" srcset=\"https:\/\/musepoledance.de\/wp-content\/uploads\/2020\/02\/9W3A8299WEB-scaled-e1580727917120.jpg 600w, https:\/\/musepoledance.de\/wp-content\/uploads\/2020\/02\/9W3A8299WEB-scaled-e1580727917120-300x300.jpg 300w, https:\/\/musepoledance.de\/wp-content\/uploads\/2020\/02\/9W3A8299WEB-scaled-e1580727917120-200x200.jpg 200w\" sizes=\"auto, (max-width: 600px) 100vw, 600px\" \/><\/a>\n\t\t<\/figure>\n\t<\/div>\n<\/div><\/div><\/div><div class=\"wpb_column vc_column_container vc_col-sm-3\"><div class=\"vc_column-inner\"><div class=\"wpb_wrapper\"><div class=\"vc_empty_space\"   style=\"height: 3px\"><span class=\"vc_empty_space_inner\"><\/span><\/div>\n\t<div  class=\"wpb_single_image wpb_content_element vc_align_center\">\n\t\t\n\t\t<figure class=\"wpb_wrapper vc_figure\">\n\t\t\t<a href=\"https:\/\/musepoledance.de\/wp-content\/uploads\/2020\/02\/9W3A8234-BearbeitetWEB-scaled-e1580728067656-1024x1024.jpg\" target=\"_self\" class=\"vc_single_image-wrapper   vc_box_border_grey\"><img loading=\"lazy\" decoding=\"async\" width=\"600\" height=\"600\" src=\"https:\/\/musepoledance.de\/wp-content\/uploads\/2020\/02\/9W3A8234-BearbeitetWEB-scaled-e1580728092620.jpg\" class=\"vc_single_image-img attachment-full\" alt=\"\" title=\"9W3A8234-BearbeitetWEB\" srcset=\"https:\/\/musepoledance.de\/wp-content\/uploads\/2020\/02\/9W3A8234-BearbeitetWEB-scaled-e1580728092620.jpg 600w, https:\/\/musepoledance.de\/wp-content\/uploads\/2020\/02\/9W3A8234-BearbeitetWEB-scaled-e1580728092620-300x300.jpg 300w, https:\/\/musepoledance.de\/wp-content\/uploads\/2020\/02\/9W3A8234-BearbeitetWEB-scaled-e1580728092620-200x200.jpg 200w\" sizes=\"auto, (max-width: 600px) 100vw, 600px\" \/><\/a>\n\t\t<\/figure>\n\t<\/div>\n<\/div><\/div><\/div><\/div><div class=\"vc_row-full-width vc_clearfix\"><\/div><div class=\"vc_row wpb_row vc_row-fluid\" ><div class=\"wpb_column vc_column_container vc_col-sm-12\"><div class=\"vc_column-inner\"><div class=\"wpb_wrapper\"><div class=\"vc_empty_space\"   style=\"height: 40px\"><span class=\"vc_empty_space_inner\"><\/span><\/div><\/div><\/div><\/div><\/div>\n<\/div>","protected":false},"excerpt":{"rendered":"Unser 165 m\u00b2 gro\u00dfes Pole Dance Studio in Berlin Mitte vereint eine liebevolle Raumatmosph\u00e4re mit einer hochwertigen Trainingsausstattung. Die Tanzfl\u00e4che ist mit 11 Lupit Pole PRO Studiostangen aus Messing und Edelstahl ausgestattet. Mit der innovativen\u00a0Quick Lock\u00a0am Fu\u00df der Stange wird der Trainingsmodus in einer Sekunde von\u00a0static\u00a0auf\u00a0spinning umgestellt. Unsere 12 m lange, deckenhohe Spiegelwand und unser professionelles LED-Beleuchtungssystem geben unserem Tanzraum eine angenehme Atmosph\u00e4re. Dank unserer hochwertigen Soundanlage kannst du dich zu lauten Beats und hei\u00dfen B\u00e4ssen komplett in deinen Bewegungen verlieren. Auch vor und nach dem Training [...]","protected":false},"author":2,"featured_media":0,"parent":0,"menu_order":0,"comment_status":"closed","ping_status":"closed","template":"","meta":{"footnotes":""},"class_list":["post-9487","page","type-page","status-publish","hentry"],"_links":{"self":[{"href":"https:\/\/musepoledance.de\/en\/wp-json\/wp\/v2\/pages\/9487","targetHints":{"allow":["GET"]}}],"collection":[{"href":"https:\/\/musepoledance.de\/en\/wp-json\/wp\/v2\/pages"}],"about":[{"href":"https:\/\/musepoledance.de\/en\/wp-json\/wp\/v2\/types\/page"}],"author":[{"embeddable":true,"href":"https:\/\/musepoledance.de\/en\/wp-json\/wp\/v2\/users\/2"}],"replies":[{"embeddable":true,"href":"https:\/\/musepoledance.de\/en\/wp-json\/wp\/v2\/comments?post=9487"}],"version-history":[{"count":146,"href":"https:\/\/musepoledance.de\/en\/wp-json\/wp\/v2\/pages\/9487\/revisions"}],"predecessor-version":[{"id":11334,"href":"https:\/\/musepoledance.de\/en\/wp-json\/wp\/v2\/pages\/9487\/revisions\/11334"}],"wp:attachment":[{"href":"https:\/\/musepoledance.de\/en\/wp-json\/wp\/v2\/media?parent=9487"}],"curies":[{"name":"wp","href":"https:\/\/api.w.org\/{rel}","templated":true}]}}