{"id":5745,"date":"2017-03-06T13:18:16","date_gmt":"2017-03-06T13:18:16","guid":{"rendered":"http:\/\/vibez.elated-themes.com\/?page_id=5745"},"modified":"2026-01-28T12:03:45","modified_gmt":"2026-01-28T10:03:45","slug":"kontakt","status":"publish","type":"page","link":"https:\/\/musepoledance.de\/en\/kontakt\/","title":{"rendered":"Contact"},"content":{"rendered":"<div class=\"wpb-content-wrapper\"><div class=\"eltdf-row-grid-section-wrapper\"  ><div class=\"eltdf-row-grid-section\"><div class=\"vc_row wpb_row vc_row-fluid vc_custom_1551567678444\" ><div class=\"wpb_column vc_column_container vc_col-sm-6\"><div class=\"vc_column-inner vc_custom_1488808718567\"><div class=\"wpb_wrapper\">\n\t<div class=\"wpb_text_column wpb_content_element\" >\n\t\t<div class=\"wpb_wrapper\">\n\t\t\t<h4>Come around!<\/h4>\n\n\t\t<\/div>\n\t<\/div>\n\n\t<div class=\"wpb_text_column wpb_content_element\" >\n\t\t<div class=\"wpb_wrapper\">\n\t\t\t<p>Our studio in Berlin Mitte is easy to reach by public transport! Take the U2 to M\u00e4rkisches Museum and then walk for 2 more minutes. The U8 takes you to Heinrich-Heine-Stra\u00dfe, from where it's a 6-minute walk. When coming by car, you can park in the public parking lot directly in front of the studio for a fee. After 8 PM, as well as all day on Sundays, parking in the public parking lots is free of charge.<\/p>\n\n\t\t<\/div>\n\t<\/div>\n<div class=\"vc_empty_space\"   style=\"height: 17px\"><span class=\"vc_empty_space_inner\"><\/span><\/div>\n\t<div class=\"wpb_text_column wpb_content_element\" >\n\t\t<div class=\"wpb_wrapper\">\n\t\t\t<h4>Muse Pole Dance<\/h4>\n\n\t\t<\/div>\n\t<\/div>\n\n\t<div class=\"wpb_text_column wpb_content_element\" >\n\t\t<div class=\"wpb_wrapper\">\n\t\t\t<p>Alte Jakobstra\u00dfe 76<br \/>\n10179 Berlin<\/p>\n<p>+49 (0) 159 0166 3142<br \/>\nteam@musepoledance.de<\/p>\n\n\t\t<\/div>\n\t<\/div>\n<\/div><\/div><\/div><div class=\"wpb_column vc_column_container vc_col-sm-6\"><div class=\"vc_column-inner\"><div class=\"wpb_wrapper\">\n\t<div class=\"wpb_text_column wpb_content_element\" >\n\t\t<div class=\"wpb_wrapper\">\n\t\t\t<h4>We are here for you<\/h4>\n\n\t\t<\/div>\n\t<\/div>\n\n\t<div class=\"wpb_text_column wpb_content_element\" >\n\t\t<div class=\"wpb_wrapper\">\n\t\t\t<p>You have a question you would like to ask us? Then send us an email at <strong>team@musepoledance.de<\/strong>. We usually get back to you within the next 24 hours!<\/p>\n<p>Alternatively, you can also reach us by phone or WhatsApp during our service hours. We not be able to answer the phone at all times, but we will always try to call you back as soon as possible!<\/p>\n\n\t\t<\/div>\n\t<\/div>\n<div class=\"vc_empty_space\"   style=\"height: 17px\"><span class=\"vc_empty_space_inner\"><\/span><\/div>\n\t<div class=\"wpb_text_column wpb_content_element\" >\n\t\t<div class=\"wpb_wrapper\">\n\t\t\t<h4>Service Hours<\/h4>\n<p>Our studio opens 15 minutes prior to class start or agreed appointment. Our front desk team is available for consultations or purchases of course packages, memberships and store products at the following times:<\/p>\n<p>Mo. &#8211; Do.:\u00a0 \u00a0 \u00a0 \u00a0 \u00a0 \u00a0 \u00a015:30 \u2013 21:00 Uhr<\/p>\n<p>Freitags:\u00a0 \u00a0 \u00a0 \u00a0 \u00a0 \u00a0 \u00a0 \u00a015:30 \u2013 20:00 Uhr<\/p>\n<p>Sonntags:\u00a0 \u00a0 \u00a0 \u00a0 \u00a0 \u00a0 \u00a011:15 \u2013 16:45 Uhr<\/p>\n\n\t\t<\/div>\n\t<\/div>\n<\/div><\/div><\/div><\/div><\/div><\/div><div class=\"vc_row wpb_row vc_row-fluid\" ><div class=\"wpb_column vc_column_container vc_col-sm-12\"><div class=\"vc_column-inner\"><div class=\"wpb_wrapper\"><div class=\"wpb_gmaps_widget wpb_content_element\"><div class=\"wpb_wrapper\"><div class=\"wpb_map_wraper\"><iframe loading=\"lazy\" src=\"https:\/\/www.google.com\/maps\/embed?pb=!1m18!1m12!1m3!1d2428.2668263899495!2d13.406668715807083!3d52.51051007981232!2m3!1f0!2f0!3f0!3m2!1i1024!2i768!4f13.1!3m3!1m2!1s0x47a84e26042bffff%3A0x40101020437d042f!2sMuse%20Pole%20Dance!5e0!3m2!1sde!2sde!4v1582209308011!5m2!1sde!2sde\" width=\"600\" height=\"450\" frameborder=\"0\" style=\"border:0;\" allowfullscreen=\"\"><\/iframe><\/div><\/div><\/div><\/div><\/div><\/div><\/div>\n<\/div>","protected":false},"excerpt":{"rendered":"Komm vorbei! Unser Studio in Berlin Mitte ist einfach mit den \u00f6ffentlichen Verkehrsmitteln zu erreichen! Mit der U2 f\u00e4hrst du bis zum M\u00e4rkischen Museum und l\u00e4ufst danach 2 Minuten weiter. Die U8 bringt dich zur Heinrich-Heine-Stra\u00dfe, von der du einen Fu\u00dfweg von 6 Minuten hast. Autofahrer k\u00f6nnen, gegen Geb\u00fchr, auf den \u00f6ffentlichen Parkpl\u00e4tzen direkt vor dem Studio parken. Ab 20 Uhr, sowie ganztags an Sonntagen, ist das Parken auf den \u00f6ffentlichen Parkpl\u00e4tzen kostenfrei. Muse Pole Dance Alte Jakobstra\u00dfe 76 10179 Berlin +49 (0) 159 0166 3142 team@musepoledance.de [...]","protected":false},"author":2,"featured_media":0,"parent":0,"menu_order":0,"comment_status":"closed","ping_status":"closed","template":"full-width.php","meta":{"footnotes":""},"class_list":["post-5745","page","type-page","status-publish","hentry"],"_links":{"self":[{"href":"https:\/\/musepoledance.de\/en\/wp-json\/wp\/v2\/pages\/5745","targetHints":{"allow":["GET"]}}],"collection":[{"href":"https:\/\/musepoledance.de\/en\/wp-json\/wp\/v2\/pages"}],"about":[{"href":"https:\/\/musepoledance.de\/en\/wp-json\/wp\/v2\/types\/page"}],"author":[{"embeddable":true,"href":"https:\/\/musepoledance.de\/en\/wp-json\/wp\/v2\/users\/2"}],"replies":[{"embeddable":true,"href":"https:\/\/musepoledance.de\/en\/wp-json\/wp\/v2\/comments?post=5745"}],"version-history":[{"count":61,"href":"https:\/\/musepoledance.de\/en\/wp-json\/wp\/v2\/pages\/5745\/revisions"}],"predecessor-version":[{"id":27057,"href":"https:\/\/musepoledance.de\/en\/wp-json\/wp\/v2\/pages\/5745\/revisions\/27057"}],"wp:attachment":[{"href":"https:\/\/musepoledance.de\/en\/wp-json\/wp\/v2\/media?parent=5745"}],"curies":[{"name":"wp","href":"https:\/\/api.w.org\/{rel}","templated":true}]}}