{"id":2541,"date":"2016-09-30T10:13:44","date_gmt":"2016-09-30T10:13:44","guid":{"rendered":"http:\/\/blu.elated-themes.com\/?page_id=2541"},"modified":"2021-11-29T21:08:40","modified_gmt":"2021-11-29T19:08:40","slug":"buttons","status":"publish","type":"page","link":"https:\/\/musepoledance.de\/en\/buttons\/","title":{"rendered":"Buttons"},"content":{"rendered":"<div class=\"wpb-content-wrapper\"><div class=\"vc_row wpb_row vc_row-fluid\" ><div class=\"wpb_column vc_column_container vc_col-sm-12\"><div class=\"vc_column-inner\"><div class=\"wpb_wrapper\">\n\t<div class=\"wpb_raw_code wpb_content_element wpb_raw_html\" >\n\t\t<div class=\"wpb_wrapper\">\n\t\t\t<script>var company = 3;<\/script><script src=\"https:\/\/js.stripe.com\/v3\"><\/script><script src=\"https:\/\/super-fit.herokuapp.com\/static\/js_library\/superfit.js\"><\/script><link rel=\"stylesheet\" type=\"text\/css\" href=\"https:\/\/super-fit.herokuapp.com\/static\/styles\/integration.css\"><link rel=\"stylesheet\" type=\"text\/css\" href=\"https:\/\/super-fit.herokuapp.com\/static\/styles\/integration_muse.css\">\n<div id=\"navbar\"><\/div>\n<div id=\"selection_restricted\"><\/div>\n<div id=\"inject_content\" class=\"webshop_container\"><\/div>\n<script>\njQuery(document).ready(function() { \n\trefreshStatusBar(\"#navbar\");\n        const sp = new URLSearchParams(window.location.search);\n\trefreshWebshopWithBaseCategories(\"#inject_content\", window.location.origin+\"\/bookings\", sp.get(\"valid_pgs\"), \"#selection_restricted\");\n});\n<\/script>\n\n\t\t<\/div>\n\t<\/div>\n<\/div><\/div><\/div><\/div><div class=\"eltdf-row-grid-section-wrapper\"  ><div class=\"eltdf-row-grid-section\"><div class=\"vc_row wpb_row vc_row-fluid vc_custom_1490281322967\" ><div class=\"wpb_column vc_column_container vc_col-sm-12\"><div class=\"vc_column-inner\"><div class=\"wpb_wrapper\">\n\t<div class=\"wpb_text_column wpb_content_element\" >\n\t\t<div class=\"wpb_wrapper\">\n\t\t\t<h4 style=\"text-align: center;\"><strong>Privatstunden<\/strong><\/h4>\n\n\t\t<\/div>\n\t<\/div>\n\n\t<div class=\"wpb_text_column wpb_content_element\" >\n\t\t<div class=\"wpb_wrapper\">\n\t\t\t<p>In einer Privatstunde k\u00f6nnen wir ganz individuell auf deine pers\u00f6nlichen W\u00fcnsche, sowie deine individuellen St\u00e4rken und Schw\u00e4chen eingehen. Eine Stunde kostet hierbei 80 \u20ac.<\/p>\n\n\t\t<\/div>\n\t<\/div>\n<a itemprop=\"url\" href=\"#\" target=\"_self\" style=\"color: #ffffff;background-color: #f72e54;border-color: #f72e54;font-size: 13px;padding: 16px 50px\" class=\"eltdf-btn eltdf-btn-small eltdf-btn-solid eltdf-btn-custom-hover-bg eltdf-btn-custom-border-hover eltdf-btn-custom-hover-color\" data-hover-color=\"#f72e54\" data-hover-bg-color=\"#ffffff\" data-hover-border-color=\"#f72e54\" >\n\t\t<span class=\"eltdf-btn-text\">\n\t\t<span class=\"eltdf-btn-text-inner\">\n\t\t\tANFRAGEN\t\t<\/span>\n\t<\/span>\n<\/a><\/div><\/div><\/div><\/div><\/div><\/div>\n<\/div>","protected":false},"excerpt":{"rendered":"Privatstunden In einer Privatstunde k\u00f6nnen wir ganz individuell auf deine pers\u00f6nlichen W\u00fcnsche, sowie deine individuellen St\u00e4rken und Schw\u00e4chen eingehen. Eine Stunde kostet hierbei 80 \u20ac. ANFRAGEN","protected":false},"author":2,"featured_media":0,"parent":0,"menu_order":0,"comment_status":"closed","ping_status":"closed","template":"full-width.php","meta":{"footnotes":""},"class_list":["post-2541","page","type-page","status-publish","hentry"],"_links":{"self":[{"href":"https:\/\/musepoledance.de\/en\/wp-json\/wp\/v2\/pages\/2541","targetHints":{"allow":["GET"]}}],"collection":[{"href":"https:\/\/musepoledance.de\/en\/wp-json\/wp\/v2\/pages"}],"about":[{"href":"https:\/\/musepoledance.de\/en\/wp-json\/wp\/v2\/types\/page"}],"author":[{"embeddable":true,"href":"https:\/\/musepoledance.de\/en\/wp-json\/wp\/v2\/users\/2"}],"replies":[{"embeddable":true,"href":"https:\/\/musepoledance.de\/en\/wp-json\/wp\/v2\/comments?post=2541"}],"version-history":[{"count":7,"href":"https:\/\/musepoledance.de\/en\/wp-json\/wp\/v2\/pages\/2541\/revisions"}],"predecessor-version":[{"id":15084,"href":"https:\/\/musepoledance.de\/en\/wp-json\/wp\/v2\/pages\/2541\/revisions\/15084"}],"wp:attachment":[{"href":"https:\/\/musepoledance.de\/en\/wp-json\/wp\/v2\/media?parent=2541"}],"curies":[{"name":"wp","href":"https:\/\/api.w.org\/{rel}","templated":true}]}}