{"id":11845,"date":"2020-08-19T12:20:16","date_gmt":"2020-08-19T10:20:16","guid":{"rendered":"https:\/\/musepoledance.de\/?page_id=11845"},"modified":"2026-04-14T16:34:39","modified_gmt":"2026-04-14T14:34:39","slug":"webshop","status":"publish","type":"page","link":"https:\/\/musepoledance.de\/en\/webshop\/","title":{"rendered":"Prices"},"content":{"rendered":"<div class=\"wpb-content-wrapper\"><div class=\"eltdf-row-grid-section-wrapper\"  ><div class=\"eltdf-row-grid-section\"><div class=\"vc_row wpb_row vc_row-fluid\" ><div class=\"wpb_column vc_column_container vc_col-sm-12\"><div class=\"vc_column-inner\"><div class=\"wpb_wrapper\"><div class=\"vc_empty_space\"   style=\"height: 32px\"><span class=\"vc_empty_space_inner\"><\/span><\/div>\n\t<div class=\"wpb_raw_code wpb_content_element wpb_raw_html\" >\n\t\t<div class=\"wpb_wrapper\">\n\t\t\t        <!-- SF booking system integration version 3, company Muse Pole Dance -->\n        <script src=\"https:\/\/js.stripe.com\/v3\"><\/script>\n        \n\n\n\n \n    <script src=\"https:\/\/ajax.googleapis.com\/ajax\/libs\/jquery\/3.3.1\/jquery.min.js\"><\/script>\n\n\n\n<script> var company = 3;<\/script>\n<link rel=\"stylesheet\" type=\"text\/css\" href=\"https:\/\/www.buubook.com\/static\/styles\/integration.css\">\n\n<link rel=\"stylesheet\" type=\"text\/css\" href=\"https:\/\/www.buubook.com\/static\/styles\/integration_muse.css\">\n<script src=\"https:\/\/www.buubook.com\/static\/js_library\/superfit.js\"><\/script>\n\n\n         <div id=\"bs_content\">\n            <div id=\"nav_container\">\n                <div id=\"navbar\"><\/div>\n            <\/div>\n            <div id=\"selection_restricted\"><\/div>\n            <div id=\"inject_content\" class=\"webshop_container\"><\/div>\n        <\/div>\n<script>\njQuery(document).ready(function() {\n\trefreshStatusBar(\"#navbar\");\n        const sp = new URLSearchParams(window.location.search);\n\trefreshWebshopWithBaseCategories(\"#inject_content\", window.location.origin+\"\/bookings\", sp.get(\"valid_pgs\"), \"#selection_restricted\");\n});\n<\/script>\n                <script>\n\tif (typeof sf_timetable_parameters == \"undefined\") {\n\t\tconst new_label = document.createElement(\"div\");\n\t\tnew_label.style.cssText = \"border: #a50 4px solid; padding: 12px;\";\n\t\tnew_label.innerHTML = \"<strong style='color: #a50'>Sorry, the server is undergoing scheduled maintenance, so you can't book right now. Please try again in 30 minutes or so.<br>Es tut uns leid, der Server wird gerade gewartet, daher k\u00f6nnen Sie im Moment nicht buchen. Bitte versuchen Sie es in etwa 30 Minuten erneut.<\/strong>\";\n\t\tdocument.getElementById(\"bs_content\").prepend(new_label);\n\t}\n<\/script>\n\n\n\n\t\t<\/div>\n\t<\/div>\n<\/div><\/div><\/div><\/div><\/div><\/div><div class=\"eltdf-row-grid-section-wrapper\"  ><div class=\"eltdf-row-grid-section\"><div class=\"vc_row wpb_row vc_row-fluid vc_custom_1658745816626 vc_row-has-fill\" ><div class=\"wpb_column vc_column_container vc_col-sm-12\"><div class=\"vc_column-inner\"><div class=\"wpb_wrapper\"><div class=\"eltdf-elements-holder eltdf-one-column eltdf-responsive-mode-768\" ><div class=\"eltdf-eh-item  eltdf-horizontal-alignment-center\"  data-item-class=\"eltdf-eh-custom-601912\">\n\t<div class=\"eltdf-eh-item-inner\">\n\t\t<div class=\"eltdf-eh-item-content eltdf-eh-custom-601912\" >\n\t\t\t\n\t<div class=\"wpb_text_column wpb_content_element  vc_custom_1745949502075\" >\n\t\t<div class=\"wpb_wrapper\">\n\t\t\t<h5 style=\"text-align: center;\"><span style=\"color: #2a2a2a;\"><strong><span style=\"font-size: 24px;\">PRIVATE CLASSES<\/span><\/strong><\/span><\/h5>\n<p style=\"text-align: center;\"><span style=\"color: #353d3f;\"><span style=\"font-size: 16px;\">In a private lesson we can respond individually to your personal wishes, as well as your individual strengths and weaknesses.<\/span><\/span><\/p>\n<p style=\"text-align: center;\"><span style=\"color: #353d3f;\"><span style=\"font-size: 16px;\"><strong>Ab 95<\/strong><\/span><strong>\u00a0\u20ac <\/strong><strong>\/ 60 Min<\/strong><\/span><\/p>\n<p style=\"text-align: center;\"><strong><span style=\"color: #353d3f;\">Ab 125 \u20ac \/ 90 Min\u00a0<\/span><\/strong><\/p>\n\n\t\t<\/div>\n\t<\/div>\n\t\t<\/div>\n\t<\/div>\n<\/div><\/div><div class=\"eltdf-elements-holder eltdf-one-column eltdf-responsive-mode-768\" ><div class=\"eltdf-eh-item  eltdf-horizontal-alignment-center\"  data-item-class=\"eltdf-eh-custom-303879\">\n\t<div class=\"eltdf-eh-item-inner\">\n\t\t<div class=\"eltdf-eh-item-content eltdf-eh-custom-303879\" >\n\t\t\t<div class=\"vc_empty_space\"   style=\"height: 32px\"><span class=\"vc_empty_space_inner\"><\/span><\/div><a itemprop=\"url\" href=\"mailto:team@musepoledance.de\" target=\"_blank\"  class=\"eltdf-btn eltdf-btn-medium eltdf-btn-solid\"  >\n\t\t<span class=\"eltdf-btn-text\">\n\t\t<span class=\"eltdf-btn-text-inner\">\n\t\t\tRequest now\t\t<\/span>\n\t<\/span>\n<\/a><div class=\"vc_empty_space\"   style=\"height: 100px\"><span class=\"vc_empty_space_inner\"><\/span><\/div>\t\t<\/div>\n\t<\/div>\n<\/div><\/div><\/div><\/div><\/div><\/div><\/div><\/div><div class=\"vc_row wpb_row vc_row-fluid\" ><div class=\"wpb_column vc_column_container vc_col-sm-12\"><div class=\"vc_column-inner\"><div class=\"wpb_wrapper\"><div class=\"vc_empty_space\"   style=\"height: 32px\"><span class=\"vc_empty_space_inner\"><\/span><\/div>\n\t<div class=\"wpb_text_column wpb_content_element\" >\n\t\t<div class=\"wpb_wrapper\">\n\t\t\t<h5 style=\"text-align: center;\"><span style=\"color: #2a2a2a;\"><strong><span style=\"font-size: 16px;\">We accept the following payment methods:<\/span><\/strong><\/span><\/h5>\n\n\t\t<\/div>\n\t<\/div>\n<div class=\"vc_empty_space\"   style=\"height: 32px\"><span class=\"vc_empty_space_inner\"><\/span><\/div><\/div><\/div><\/div><\/div><div class=\"vc_row wpb_row vc_row-fluid vc_custom_1638868474314\" ><div class=\"wpb_column vc_column_container vc_col-sm-12\"><div class=\"vc_column-inner\"><div class=\"wpb_wrapper\"><div class=\"eltdf-elements-holder eltdf-one-column eltdf-responsive-mode-768\" ><div class=\"eltdf-eh-item  eltdf-horizontal-alignment-center\"  data-item-class=\"eltdf-eh-custom-843198\" data-768-1024=\"0px 300px 0px 300px\">\n\t<div class=\"eltdf-eh-item-inner\">\n\t\t<div class=\"eltdf-eh-item-content eltdf-eh-custom-843198\" >\n\t\t\t<div class=\"eltdf-image-gallery eltdf-ig-masonry-type eltdf-image-behavior-zoom\">\n\t<div class=\"eltdf-ig-inner eltdf-ig-masonry eltdf-ig-five-columns eltdf-ig-tiny-space\">\n\t\t<div class=\"eltdf-ig-grid-sizer\"><\/div>\n\t\t<div class=\"eltdf-ig-grid-gutter\"><\/div>\n\t\t\t\t\t\t\t\t<div class=\"eltdf-ig-image eltdf-default-masonry-item\">\n\t\t\t\t<div class=\"eltdf-ig-image-inner\">\n\t\t\t\t\t\t\t\t\t\t\t<img loading=\"lazy\" decoding=\"async\" width=\"80\" height=\"50\" src=\"https:\/\/musepoledance.de\/wp-content\/uploads\/2021\/12\/icons8-visa-96-e1638871968849.png\" class=\"attachment-eltdf-default-masonry-item size-eltdf-default-masonry-item\" alt=\"Visa Logo\" \/>\t\t\t\t\t\t\t\t\t<\/div>\n\t\t\t<\/div>\n\t\t\t\t\t\t\t\t<div class=\"eltdf-ig-image eltdf-default-masonry-item\">\n\t\t\t\t<div class=\"eltdf-ig-image-inner\">\n\t\t\t\t\t\t\t\t\t\t\t<img loading=\"lazy\" decoding=\"async\" width=\"80\" height=\"50\" src=\"https:\/\/musepoledance.de\/wp-content\/uploads\/2021\/12\/icons8-mastercard-96-e1638872033572.png\" class=\"attachment-eltdf-default-masonry-item size-eltdf-default-masonry-item\" alt=\"Master Card Logo\" \/>\t\t\t\t\t\t\t\t\t<\/div>\n\t\t\t<\/div>\n\t\t\t\t\t\t\t\t<div class=\"eltdf-ig-image eltdf-default-masonry-item\">\n\t\t\t\t<div class=\"eltdf-ig-image-inner\">\n\t\t\t\t\t\t\t\t\t\t\t<img loading=\"lazy\" decoding=\"async\" width=\"80\" height=\"50\" src=\"https:\/\/musepoledance.de\/wp-content\/uploads\/2021\/12\/icons8-amex-96-e1638872026680.png\" class=\"attachment-eltdf-default-masonry-item size-eltdf-default-masonry-item\" alt=\"AMEX Logo\" \/>\t\t\t\t\t\t\t\t\t<\/div>\n\t\t\t<\/div>\n\t\t\t\t\t\t\t\t<div class=\"eltdf-ig-image eltdf-default-masonry-item\">\n\t\t\t\t<div class=\"eltdf-ig-image-inner\">\n\t\t\t\t\t\t\t\t\t\t\t<img loading=\"lazy\" decoding=\"async\" width=\"80\" height=\"50\" src=\"https:\/\/musepoledance.de\/wp-content\/uploads\/2021\/12\/icons8-sepa-96-e1638872019551.png\" class=\"attachment-eltdf-default-masonry-item size-eltdf-default-masonry-item\" alt=\"SEPA Direkt Logo\" \/>\t\t\t\t\t\t\t\t\t<\/div>\n\t\t\t<\/div>\n\t\t\t\t\t\t\t\t<div class=\"eltdf-ig-image eltdf-default-masonry-item\">\n\t\t\t\t<div class=\"eltdf-ig-image-inner\">\n\t\t\t\t\t\t\t\t\t\t\t<img loading=\"lazy\" decoding=\"async\" width=\"90\" height=\"50\" src=\"https:\/\/musepoledance.de\/wp-content\/uploads\/2021\/12\/klarna_black-e1638872014948.png\" class=\"attachment-eltdf-default-masonry-item size-eltdf-default-masonry-item\" alt=\"Klarna Logo\" \/>\t\t\t\t\t\t\t\t\t<\/div>\n\t\t\t<\/div>\n\t\t\t<\/div>\n<\/div>\t\t<\/div>\n\t<\/div>\n<\/div><\/div><div class=\"vc_empty_space\"   style=\"height: 100px\"><span class=\"vc_empty_space_inner\"><\/span><\/div><\/div><\/div><\/div><\/div>\n<\/div>","protected":false},"excerpt":{"rendered":"PRIVATSTUNDEN In einer Privatstunde k\u00f6nnen wir ganz individuell auf deine pers\u00f6nlichen W\u00fcnsche, sowie deine individuellen St\u00e4rken und Schw\u00e4chen eingehen. Ab 95\u00a0\u20ac \/ 60 Min Ab 125 \u20ac \/ 90 Min\u00a0 Jetzt Anfragen Wir akzeptieren folgende Zahlungsm\u00f6glichkeiten:","protected":false},"author":2,"featured_media":0,"parent":0,"menu_order":0,"comment_status":"closed","ping_status":"closed","template":"full-width.php","meta":{"footnotes":""},"class_list":["post-11845","page","type-page","status-publish","hentry"],"_links":{"self":[{"href":"https:\/\/musepoledance.de\/en\/wp-json\/wp\/v2\/pages\/11845","targetHints":{"allow":["GET"]}}],"collection":[{"href":"https:\/\/musepoledance.de\/en\/wp-json\/wp\/v2\/pages"}],"about":[{"href":"https:\/\/musepoledance.de\/en\/wp-json\/wp\/v2\/types\/page"}],"author":[{"embeddable":true,"href":"https:\/\/musepoledance.de\/en\/wp-json\/wp\/v2\/users\/2"}],"replies":[{"embeddable":true,"href":"https:\/\/musepoledance.de\/en\/wp-json\/wp\/v2\/comments?post=11845"}],"version-history":[{"count":59,"href":"https:\/\/musepoledance.de\/en\/wp-json\/wp\/v2\/pages\/11845\/revisions"}],"predecessor-version":[{"id":27775,"href":"https:\/\/musepoledance.de\/en\/wp-json\/wp\/v2\/pages\/11845\/revisions\/27775"}],"wp:attachment":[{"href":"https:\/\/musepoledance.de\/en\/wp-json\/wp\/v2\/media?parent=11845"}],"curies":[{"name":"wp","href":"https:\/\/api.w.org\/{rel}","templated":true}]}}