{"id":11647,"date":"2020-06-18T16:02:28","date_gmt":"2020-06-18T14:02:28","guid":{"rendered":"https:\/\/musepoledance.de\/?page_id=11647"},"modified":"2026-04-09T14:45:33","modified_gmt":"2026-04-09T12:45:33","slug":"usc","status":"publish","type":"page","link":"https:\/\/musepoledance.de\/en\/usc\/","title":{"rendered":"USC Members"},"content":{"rendered":"<div class=\"wpb-content-wrapper\"><div class=\"vc_row wpb_row vc_row-fluid vc_column-gap-35\" ><div class=\"wpb_column vc_column_container vc_col-sm-8\"><div class=\"vc_column-inner\"><div class=\"wpb_wrapper\">\n\t<div class=\"wpb_text_column wpb_content_element  vc_custom_1775738686257\" >\n\t\t<div class=\"wpb_wrapper\">\n\t\t\t<h3>Muse Pole Dance is a exclusive Partner of the Urban Sports Club<\/h3>\n<h4><span style=\"color: #800000;\"><span style=\"color: #000000;\">folgende Konditionen gelten f\u00fcr die Buchung unserer Studiokurse:<\/span><\/span><\/h4>\n<ul>\n<li>Du brauchst eine <strong>a Premium<\/strong> oder <strong>Max<\/strong> membership<\/li>\n<li>Du kannst bis zu <strong>4 Classes a month<\/strong> an einem Kurs teilnehmen.<\/li>\n<li>Bei der Wahl der Kurse und Levels gibt es <strong>regarding the<\/strong>.<\/li>\n<li>Damit unsere Mitglieder regelm\u00e4\u00dfig teilnehmen k\u00f6nnen, sind die USC-Pl\u00e4tze bis 24 Stunden vor Kursbeginn begrenzt.<\/li>\n<li>Bitte beachte unsere 24 Stunden Absagefrist. Sp\u00e4tabsagen und Nichterscheinne wird als No-shows aufgef\u00fchrt.<\/li>\n<\/ul>\n\n\t\t<\/div>\n\t<\/div>\n<div class=\"vc_empty_space\"   style=\"height: 20px\"><span class=\"vc_empty_space_inner\"><\/span><\/div>\n\t<div class=\"wpb_text_column wpb_content_element\" >\n\t\t<div class=\"wpb_wrapper\">\n\t\t\t<h4>How to sign-up for our Studio Classes<\/h4>\n<p>To register for a course at the studio, please use our<strong>\u00a0booking system.<\/strong>. Du erstellst hierbei als erstes ein Profil und gibst dabei deine USC-Nummer an. Nach Registrierung kannst du dich direkt f\u00fcr deine Wunschkurse anmelden. Bitte beachte, dass du dich nicht f\u00fcr mehr Kurse anmeldest, als es dir deine USC-Mitgliedschaft erlaubt, da ansonsten die regul\u00e4re Kursgeb\u00fchr an das Studio bezahlt werden muss.<\/p>\n\n\t\t<\/div>\n\t<\/div>\n<div class=\"vc_empty_space\"   style=\"height: 20px\"><span class=\"vc_empty_space_inner\"><\/span><\/div><a itemprop=\"url\" href=\"\/en\/bookings\/\" target=\"_self\" style=\"color: #f72e54\" class=\"eltdf-btn eltdf-btn-medium eltdf-btn-simple eltdf-btn-custom-hover-color eltdf-btn-icon\" data-hover-color=\"#f72e54\" >\n\t<i class=\"eltdf-icon-linear-icon lnr lnr-arrow-right\" ><\/i>\t<span class=\"eltdf-btn-text\">\n\t\t<span class=\"eltdf-btn-text-inner\">\n\t\t\tStudiokurs buchen\t\t<\/span>\n\t<\/span>\n<\/a><\/div><\/div><\/div><div class=\"wpb_column vc_column_container vc_col-sm-4 vc_col-has-fill\"><div class=\"vc_column-inner vc_custom_1770218174448\"><div class=\"wpb_wrapper\"><div class=\"vc_empty_space\"   style=\"height: 32px\"><span class=\"vc_empty_space_inner\"><\/span><\/div>\n\t<div  class=\"wpb_single_image wpb_content_element vc_align_center\">\n\t\t\n\t\t<figure class=\"wpb_wrapper vc_figure\">\n\t\t\t<div class=\"vc_single_image-wrapper   vc_box_border_grey\"><img loading=\"lazy\" decoding=\"async\" width=\"300\" height=\"199\" src=\"https:\/\/musepoledance.de\/wp-content\/uploads\/2026\/02\/UrbanSportsClub_Logo_Combo_Black-300x199.png\" class=\"vc_single_image-img attachment-medium\" alt=\"\" title=\"UrbanSportsClub_Logo_Combo_Black\" srcset=\"https:\/\/musepoledance.de\/wp-content\/uploads\/2026\/02\/UrbanSportsClub_Logo_Combo_Black-300x199.png 300w, https:\/\/musepoledance.de\/wp-content\/uploads\/2026\/02\/UrbanSportsClub_Logo_Combo_Black-1024x679.png 1024w, https:\/\/musepoledance.de\/wp-content\/uploads\/2026\/02\/UrbanSportsClub_Logo_Combo_Black-768x509.png 768w, https:\/\/musepoledance.de\/wp-content\/uploads\/2026\/02\/UrbanSportsClub_Logo_Combo_Black-18x12.png 18w, https:\/\/musepoledance.de\/wp-content\/uploads\/2026\/02\/UrbanSportsClub_Logo_Combo_Black-600x398.png 600w, https:\/\/musepoledance.de\/wp-content\/uploads\/2026\/02\/UrbanSportsClub_Logo_Combo_Black.png 1242w\" sizes=\"auto, (max-width: 300px) 100vw, 300px\" \/><\/div>\n\t\t<\/figure>\n\t<\/div>\n<div class=\"vc_empty_space\"   style=\"height: 32px\"><span class=\"vc_empty_space_inner\"><\/span><\/div><\/div><\/div><\/div><\/div><div class=\"vc_row wpb_row vc_row-fluid\" ><div class=\"wpb_column vc_column_container vc_col-sm-12\"><div class=\"vc_column-inner\"><div class=\"wpb_wrapper\"><div class=\"vc_empty_space\"   style=\"height: 70px\"><span class=\"vc_empty_space_inner\"><\/span><\/div><\/div><\/div><\/div><\/div><div class=\"vc_row wpb_row vc_row-fluid\" ><div class=\"wpb_column vc_column_container vc_col-sm-12\"><div class=\"vc_column-inner\"><div class=\"wpb_wrapper\"><\/div><\/div><\/div><\/div>\n<\/div>","protected":false},"excerpt":{"rendered":"Muse Pole Dance ist exklusiver Partner des Urban Sports Clubs folgende Konditionen gelten f\u00fcr die Buchung unserer Studiokurse: Du brauchst eine Premium oder Max Mitgliedschaft. Du kannst bis zu 4x im Monat an einem Kurs teilnehmen. Bei der Wahl der Kurse und Levels gibt es keine Einschr\u00e4nkungen. Damit unsere Mitglieder regelm\u00e4\u00dfig teilnehmen k\u00f6nnen, sind die USC-Pl\u00e4tze bis 24 Stunden vor Kursbeginn begrenzt. Bitte beachte unsere 24 Stunden Absagefrist. Sp\u00e4tabsagen und Nichterscheinne wird als No-shows aufgef\u00fchrt. Anmeldung zu unseren Studiokursen Um dich f\u00fcr einen Kurs im Studio anzumelden, [...]","protected":false},"author":2,"featured_media":0,"parent":0,"menu_order":0,"comment_status":"closed","ping_status":"closed","template":"","meta":{"footnotes":""},"class_list":["post-11647","page","type-page","status-publish","hentry"],"_links":{"self":[{"href":"https:\/\/musepoledance.de\/en\/wp-json\/wp\/v2\/pages\/11647","targetHints":{"allow":["GET"]}}],"collection":[{"href":"https:\/\/musepoledance.de\/en\/wp-json\/wp\/v2\/pages"}],"about":[{"href":"https:\/\/musepoledance.de\/en\/wp-json\/wp\/v2\/types\/page"}],"author":[{"embeddable":true,"href":"https:\/\/musepoledance.de\/en\/wp-json\/wp\/v2\/users\/2"}],"replies":[{"embeddable":true,"href":"https:\/\/musepoledance.de\/en\/wp-json\/wp\/v2\/comments?post=11647"}],"version-history":[{"count":83,"href":"https:\/\/musepoledance.de\/en\/wp-json\/wp\/v2\/pages\/11647\/revisions"}],"predecessor-version":[{"id":28590,"href":"https:\/\/musepoledance.de\/en\/wp-json\/wp\/v2\/pages\/11647\/revisions\/28590"}],"wp:attachment":[{"href":"https:\/\/musepoledance.de\/en\/wp-json\/wp\/v2\/media?parent=11647"}],"curies":[{"name":"wp","href":"https:\/\/api.w.org\/{rel}","templated":true}]}}