{"id":11392,"date":"2020-02-26T19:02:10","date_gmt":"2020-02-26T19:02:10","guid":{"rendered":"https:\/\/musepoledance.de\/?page_id=11392"},"modified":"2022-07-25T12:32:14","modified_gmt":"2022-07-25T10:32:14","slug":"philosophie","status":"publish","type":"page","link":"https:\/\/musepoledance.de\/en\/philosophie\/","title":{"rendered":"Philosophy"},"content":{"rendered":"<div class=\"wpb-content-wrapper\"><div class=\"vc_row wpb_row vc_row-fluid\" ><div class=\"wpb_column vc_column_container vc_col-sm-6\"><div class=\"vc_column-inner\"><div class=\"wpb_wrapper\">\n\t<div class=\"wpb_text_column wpb_content_element\" >\n\t\t<div class=\"wpb_wrapper\">\n\t\t\t<p><i>Muse <\/i><i>Pole Dance<\/i> aims to motivate and inspire others to grow beyond their limits and rediscover themselves in the process. In our high quality and aesthetically equipped pole dance studio we want to get the maximum potential of physical performance and dance expression out of our students. We firmly believe that this can only be achieved if we truly love what we do. That's why our classes are designed to not only challenge students physically, but also to keep the fun factor and passion for dance and movement alive.<\/p>\n<p>With a motivating team of instructors and a supportive class atmosphere, we bring students, no matter their skill level, age or gender; closer to their goal with each workout. Whether you're striving to do impressive pole tricks, feel sensual or sexy, want to keep your body fit, or are just looking for something new and really fun to do, you'll find room to express yourself in your own way.  Leave your everyday life behind and discover your inner muse.<\/p>\n\n\t\t<\/div>\n\t<\/div>\n<\/div><\/div><\/div><div class=\"wpb_column vc_column_container vc_col-sm-6\"><div class=\"vc_column-inner\"><div class=\"wpb_wrapper\"><div class=\"vc_empty_space\"   style=\"height: 32px\"><span class=\"vc_empty_space_inner\"><\/span><\/div>\n\t<div  class=\"wpb_single_image wpb_content_element vc_align_left\">\n\t\t\n\t\t<figure class=\"wpb_wrapper vc_figure\">\n\t\t\t<div class=\"vc_single_image-wrapper   vc_box_border_grey\"><img loading=\"lazy\" decoding=\"async\" width=\"2684\" height=\"3068\" src=\"https:\/\/musepoledance.de\/wp-content\/uploads\/2018\/04\/Philosophie.png\" class=\"vc_single_image-img attachment-full\" alt=\"\" title=\"Philosophy\" srcset=\"https:\/\/musepoledance.de\/wp-content\/uploads\/2018\/04\/Philosophie.png 2684w, https:\/\/musepoledance.de\/wp-content\/uploads\/2018\/04\/Philosophie-600x686.png 600w, https:\/\/musepoledance.de\/wp-content\/uploads\/2018\/04\/Philosophie-262x300.png 262w, https:\/\/musepoledance.de\/wp-content\/uploads\/2018\/04\/Philosophie-768x878.png 768w, https:\/\/musepoledance.de\/wp-content\/uploads\/2018\/04\/Philosophie-896x1024.png 896w\" sizes=\"auto, (max-width: 2684px) 100vw, 2684px\" \/><\/div>\n\t\t<\/figure>\n\t<\/div>\n<\/div><\/div><\/div><\/div><div class=\"vc_row wpb_row vc_row-fluid\" ><div class=\"wpb_column vc_column_container vc_col-sm-12\"><div class=\"vc_column-inner\"><div class=\"wpb_wrapper\"><div class=\"vc_empty_space\"   style=\"height: 32px\"><span class=\"vc_empty_space_inner\"><\/span><\/div><div class=\"vc_separator wpb_content_element vc_separator_align_center vc_sep_width_100 vc_sep_pos_align_center vc_separator_no_text vc_sep_color_grey\" ><span class=\"vc_sep_holder vc_sep_holder_l\"><span class=\"vc_sep_line\"><\/span><\/span><span class=\"vc_sep_holder vc_sep_holder_r\"><span class=\"vc_sep_line\"><\/span><\/span>\n<\/div><div class=\"vc_empty_space\"   style=\"height: 16px\"><span class=\"vc_empty_space_inner\"><\/span><\/div>\n\t<div class=\"wpb_text_column wpb_content_element\" >\n\t\t<div class=\"wpb_wrapper\">\n\t\t\t<h3 class=\"eltdf-st-title\" style=\"text-align: center;\"><strong><span class=\"eltdf-st-title-bold\">Muse:<\/span><\/strong> A person &#8211; especially a woman &#8211; who is a <strong>source of inspiration<\/strong> to others<\/h3>\n\n\t\t<\/div>\n\t<\/div>\n<div class=\"vc_empty_space\"   style=\"height: 40px\"><span class=\"vc_empty_space_inner\"><\/span><\/div><div class=\"vc_separator wpb_content_element vc_separator_align_center vc_sep_width_100 vc_sep_pos_align_center vc_separator_no_text vc_sep_color_grey\" ><span class=\"vc_sep_holder vc_sep_holder_l\"><span class=\"vc_sep_line\"><\/span><\/span><span class=\"vc_sep_holder vc_sep_holder_r\"><span class=\"vc_sep_line\"><\/span><\/span>\n<\/div><div class=\"vc_empty_space\"   style=\"height: 90px\"><span class=\"vc_empty_space_inner\"><\/span><\/div><\/div><\/div><\/div><\/div>\n<\/div>","protected":false},"excerpt":{"rendered":"Muse Pole Dance verfolgt das Ziel, Andere zu motivieren und inspirieren \u00fcber ihre Grenzen hinauszuwachsen und sich dabei neu zu entdecken. In unserem hochwertig und \u00e4sthetisch ausgestattetem Pole Dance Studio wollen wir das maximale Potential an k\u00f6rperlicher Leistung und t\u00e4nzerischem Ausdruck aus unseren Sch\u00fclern herausholen. Wir sind dabei der festen \u00dcberzeugung, dass dies nur erreicht werden kann, wenn wir lieben was wir tun. Deshalb sind unsere Kurse so gestaltet, dass sie die Sch\u00fcler nicht nur k\u00f6rperlich fordern, sondern auch der Spa\u00dffaktor und die Leidenschaft zu Tanz und [...]","protected":false},"author":2,"featured_media":0,"parent":0,"menu_order":0,"comment_status":"closed","ping_status":"closed","template":"","meta":{"footnotes":""},"class_list":["post-11392","page","type-page","status-publish","hentry"],"_links":{"self":[{"href":"https:\/\/musepoledance.de\/en\/wp-json\/wp\/v2\/pages\/11392","targetHints":{"allow":["GET"]}}],"collection":[{"href":"https:\/\/musepoledance.de\/en\/wp-json\/wp\/v2\/pages"}],"about":[{"href":"https:\/\/musepoledance.de\/en\/wp-json\/wp\/v2\/types\/page"}],"author":[{"embeddable":true,"href":"https:\/\/musepoledance.de\/en\/wp-json\/wp\/v2\/users\/2"}],"replies":[{"embeddable":true,"href":"https:\/\/musepoledance.de\/en\/wp-json\/wp\/v2\/comments?post=11392"}],"version-history":[{"count":14,"href":"https:\/\/musepoledance.de\/en\/wp-json\/wp\/v2\/pages\/11392\/revisions"}],"predecessor-version":[{"id":11700,"href":"https:\/\/musepoledance.de\/en\/wp-json\/wp\/v2\/pages\/11392\/revisions\/11700"}],"wp:attachment":[{"href":"https:\/\/musepoledance.de\/en\/wp-json\/wp\/v2\/media?parent=11392"}],"curies":[{"name":"wp","href":"https:\/\/api.w.org\/{rel}","templated":true}]}}