{"id":10185,"date":"2018-04-14T19:09:40","date_gmt":"2018-04-14T19:09:40","guid":{"rendered":"https:\/\/musepoledance.de\/?page_id=10185"},"modified":"2020-06-19T16:44:35","modified_gmt":"2020-06-19T14:44:35","slug":"impressum","status":"publish","type":"page","link":"https:\/\/musepoledance.de\/en\/impressum\/","title":{"rendered":"Imprint"},"content":{"rendered":"<div class=\"wpb-content-wrapper\"><div class=\"vc_row wpb_row vc_row-fluid\" ><div class=\"wpb_column vc_column_container vc_col-sm-6\"><div class=\"vc_column-inner\"><div class=\"wpb_wrapper\">\n\t<div class=\"wpb_text_column wpb_content_element\" >\n\t\t<div class=\"wpb_wrapper\">\n\t\t\t<p>Angaben gem\u00e4\u00df \u00a7 5 TMG<\/p>\n<p><strong>Lilli D\u00e4schle<\/strong><br \/>\nMuse Pole Dance<br \/>\nAlte Jakobstra\u00dfe 76<br \/>\n10179 Berlin<\/p>\n<h4>Contact<\/h4>\n<p>Telefon: <a class=\"eltdf-icon-widget-holder\" href=\"tel:\/\/+4915901663142\" target=\"_blank\" rel=\"noopener noreferrer\"><span class=\"eltdf-icon-text\">+49 (0) 159 0166 3142<\/span><\/a><br \/>\nE-Mail:\u00a0<a href=\"mailto:team@musepoledance.de\">team@musepoledance.de<\/a><br \/>\nInternetadresse:\u00a0<a href=\"https:\/\/musepoledance.de\/en\/\" target=\"_blank\" rel=\"noopener noreferrer\">www.musepoledance.de<\/a><\/p>\n\n\t\t<\/div>\n\t<\/div>\n<\/div><\/div><\/div><div class=\"wpb_column vc_column_container vc_col-sm-6\"><div class=\"vc_column-inner\"><div class=\"wpb_wrapper\"><div class=\"vc_empty_space\"   style=\"height: 32px\"><span class=\"vc_empty_space_inner\"><\/span><\/div>\n\t<div  class=\"wpb_single_image wpb_content_element vc_align_right\">\n\t\t\n\t\t<figure class=\"wpb_wrapper vc_figure\">\n\t\t\t<div class=\"vc_single_image-wrapper   vc_box_border_grey\"><img loading=\"lazy\" decoding=\"async\" width=\"1124\" height=\"714\" src=\"https:\/\/musepoledance.de\/wp-content\/uploads\/2018\/04\/Logo-New-color-plus-watermark.png\" class=\"vc_single_image-img attachment-full\" alt=\"\" title=\"Logo New-color plus watermark\" srcset=\"https:\/\/musepoledance.de\/wp-content\/uploads\/2018\/04\/Logo-New-color-plus-watermark.png 1124w, https:\/\/musepoledance.de\/wp-content\/uploads\/2018\/04\/Logo-New-color-plus-watermark-600x381.png 600w, https:\/\/musepoledance.de\/wp-content\/uploads\/2018\/04\/Logo-New-color-plus-watermark-300x191.png 300w, https:\/\/musepoledance.de\/wp-content\/uploads\/2018\/04\/Logo-New-color-plus-watermark-768x488.png 768w, https:\/\/musepoledance.de\/wp-content\/uploads\/2018\/04\/Logo-New-color-plus-watermark-1024x650.png 1024w\" sizes=\"auto, (max-width: 1124px) 100vw, 1124px\" \/><\/div>\n\t\t<\/figure>\n\t<\/div>\n<\/div><\/div><\/div><\/div><div class=\"vc_row wpb_row vc_row-fluid\" ><div class=\"wpb_column vc_column_container vc_col-sm-12\"><div class=\"vc_column-inner\"><div class=\"wpb_wrapper\">\n\t<div class=\"wpb_text_column wpb_content_element\" >\n\t\t<div class=\"wpb_wrapper\">\n\t\t\t<h4>Haftungsausschluss<\/h4>\n<h6>Haftung f\u00fcr Inhalte<\/h6>\n<p>Die Inhalte unserer Seiten wurden mit gr\u00f6\u00dfter Sorgfalt erstellt. F\u00fcr die Richtigkeit, Vollst\u00e4ndigkeit und Aktualit\u00e4t der Inhalte k\u00f6nnen wir jedoch keine Gew\u00e4hr \u00fcbernehmen. Als Diensteanbieter sind wir gem\u00e4\u00df \u00a7 7 Abs.1 TMG f\u00fcr eigene Inhalte auf diesen Seiten nach den allgemeinen Gesetzen verantwortlich. Nach \u00a7\u00a7 8 bis 10 TMG sind wir als Diensteanbieter jedoch nicht verpflichtet, \u00fcbermittelte oder gespeicherte fremde Informationen zu \u00fcberwachen oder nach Umst\u00e4nden zu forschen, die auf eine rechtswidrige T\u00e4tigkeit hinweisen. Verpflichtungen zur Entfernung oder Sperrung der Nutzung von Informationen nach den allgemeinen Gesetzen bleiben hiervon unber\u00fchrt. Eine diesbez\u00fcgliche Haftung ist jedoch erst ab dem Zeitpunkt der Kenntnis einer konkreten Rechtsverletzung m\u00f6glich. Bei Bekanntwerden von entsprechenden Rechtsverletzungen werden wir diese Inhalte umgehend entfernen.<\/p>\n<h6>Haftung f\u00fcr Links<\/h6>\n<p>Unser Angebot enth\u00e4lt Links zu externen Webseiten Dritter, auf deren Inhalte wir keinen Einfluss haben. Deshalb k\u00f6nnen wir f\u00fcr diese fremden Inhalte auch keine Gew\u00e4hr \u00fcbernehmen. F\u00fcr die Inhalte der verlinkten Seiten ist stets der jeweilige Anbieter oder Betreiber der Seiten verantwortlich. Die verlinkten Seiten wurden zum Zeitpunkt der Verlinkung auf m\u00f6gliche Rechtsverst\u00f6\u00dfe \u00fcberpr\u00fcft. Rechtswidrige Inhalte waren zum Zeitpunkt der Verlinkung nicht erkennbar. Eine permanente inhaltliche Kontrolle der verlinkten Seiten ist jedoch ohne konkrete Anhaltspunkte einer Rechtsverletzung nicht zumutbar. Bei Bekanntwerden von Rechtsverletzungen werden wir derartige Links umgehend entfernen.<\/p>\n<h6>Urheberrecht<\/h6>\n<p>Die durch die Seitenbetreiber erstellten bzw. verwendeten Inhalte und Werke auf diesen Seiten unterliegen dem deutschen Urheberrecht. Die Vervielf\u00e4ltigung, Bearbeitung, Verbreitung und jede Art der Verwertung au\u00dferhalb der Grenzen des Urheberrechtes bed\u00fcrfen der Zustimmung des jeweiligen Autors bzw. Erstellers. Downloads und Kopien dieser Seite sind nur f\u00fcr den privaten, nicht kommerziellen Gebrauch gestattet. Soweit die Inhalte auf dieser Seite nicht vom Betreiber erstellt wurden, werden die Urheberrechte Dritter beachtet. Insbesondere werden Inhalte Dritter als solche gekennzeichnet. Sollten Sie trotzdem auf eine Urheberrechtsverletzung aufmerksam werden, bitten wir um einen entsprechenden Hinweis. Bei Bekanntwerden von Rechtsverletzungen werden wir derartige Inhalte umgehend entfernen.<\/p>\n<p><i>Quelle gesponsort von:\u00a0http:\/\/www.muster-vorlagen.net<\/i><\/p>\n\n\t\t<\/div>\n\t<\/div>\n<div class=\"vc_empty_space\"   style=\"height: 64px\"><span class=\"vc_empty_space_inner\"><\/span><\/div><\/div><\/div><\/div><\/div>\n<\/div>","protected":false},"excerpt":{"rendered":"Angaben gem\u00e4\u00df \u00a7 5 TMG Lilli D\u00e4schle Muse Pole Dance Alte Jakobstra\u00dfe 76 10179 Berlin Kontakt Telefon: +49 (0) 159 0166 3142 E-Mail:\u00a0team@musepoledance.de Internetadresse:\u00a0www.musepoledance.de Haftungsausschluss Haftung f\u00fcr Inhalte Die Inhalte unserer Seiten wurden mit gr\u00f6\u00dfter Sorgfalt erstellt. F\u00fcr die Richtigkeit, Vollst\u00e4ndigkeit und Aktualit\u00e4t der Inhalte k\u00f6nnen wir jedoch keine Gew\u00e4hr \u00fcbernehmen. Als Diensteanbieter sind wir gem\u00e4\u00df \u00a7 7 Abs.1 TMG f\u00fcr eigene Inhalte auf diesen Seiten nach den allgemeinen Gesetzen verantwortlich. Nach \u00a7\u00a7 8 bis 10 TMG sind wir als Diensteanbieter jedoch nicht verpflichtet, \u00fcbermittelte oder gespeicherte [...]","protected":false},"author":2,"featured_media":0,"parent":0,"menu_order":0,"comment_status":"closed","ping_status":"closed","template":"","meta":{"footnotes":""},"class_list":["post-10185","page","type-page","status-publish","hentry"],"_links":{"self":[{"href":"https:\/\/musepoledance.de\/en\/wp-json\/wp\/v2\/pages\/10185","targetHints":{"allow":["GET"]}}],"collection":[{"href":"https:\/\/musepoledance.de\/en\/wp-json\/wp\/v2\/pages"}],"about":[{"href":"https:\/\/musepoledance.de\/en\/wp-json\/wp\/v2\/types\/page"}],"author":[{"embeddable":true,"href":"https:\/\/musepoledance.de\/en\/wp-json\/wp\/v2\/users\/2"}],"replies":[{"embeddable":true,"href":"https:\/\/musepoledance.de\/en\/wp-json\/wp\/v2\/comments?post=10185"}],"version-history":[{"count":26,"href":"https:\/\/musepoledance.de\/en\/wp-json\/wp\/v2\/pages\/10185\/revisions"}],"predecessor-version":[{"id":11713,"href":"https:\/\/musepoledance.de\/en\/wp-json\/wp\/v2\/pages\/10185\/revisions\/11713"}],"wp:attachment":[{"href":"https:\/\/musepoledance.de\/en\/wp-json\/wp\/v2\/media?parent=10185"}],"curies":[{"name":"wp","href":"https:\/\/api.w.org\/{rel}","templated":true}]}}